{"id":81,"date":"2018-11-05T18:12:07","date_gmt":"2018-11-05T17:12:07","guid":{"rendered":"http:\/\/www.regul-elec.fr\/?page_id=81"},"modified":"2018-12-05T14:13:24","modified_gmt":"2018-12-05T13:13:24","slug":"metier","status":"publish","type":"page","link":"https:\/\/www.regul-elec.fr\/index.php\/metier\/","title":{"rendered":"M\u00e9tier"},"content":{"rendered":"<div  data-label=\"Features\" data-id=\"features--1\" data-export-id=\"features-13\" data-category=\"features\" class=\"features-13 content-section content-section-spacing\" id=\"features-1\" style=\"background-color: rgb(255, 255, 255);\"><div  class=\"gridContainer\"> <div  class=\"row text-center\"><div  class=\"section-title-col\" data-type=\"column\"> <h2  class=\"\">La s\u00e9curit\u00e9 et la fiabilit\u00e9 de vos installations \u00e9lectriques.<\/h2> <p  class=\"lead\">Orages, foudre, coupures secteur, surtensions, variations de tensions, de fr\u00e9quence et temp\u00e9rature excessive fragilisent votre entreprise. Outils de production endommag\u00e9s, informatique et syst\u00e8me d\u2019information indisponibles et corrompus.<\/p><\/div> <\/div> <div  class=\"row spaced-cols center-sm\" data-type=\"row\"> <div  class=\"col col-sm-6 col-md-3 space-bottom\"> <i  class=\"fa icon fa-black-tie bordered round big color1\"><\/i> <h4  class=\"\"><a href=\"http:\/\/www.regul-elec.fr\/index.php\/nos-solutions-produit\/\" target=\"_self\" data-mce-href=\"..\/nos-solutions-produit\/\" data-mce-selected=\"inline-boundary\"  data-cp-link=\"1\">1. Nos solutions produit<\/a><\/h4>  <\/div> <div  class=\"col col-sm-6 col-md-3 space-bottom\"><i  class=\"fa icon fa-gear bordered round big color1\"><\/i> <h4  class=\"\"><a href=\"..\/nos-solutions-produit-2\/\" target=\"_self\" data-mce-href=\"..\/nos-solutions-produit-2\/\"  data-cp-link=\"1\" data-mce-selected=\"inline-boundary\">\ufeff2.Une offre cl\u00e9 en main<\/a><\/h4>  <\/div>   <\/div><\/div> <\/div>","protected":false},"excerpt":{"rendered":"<p>La s\u00e9curit\u00e9 et la fiabilit\u00e9 de vos installations \u00e9lectriques. Orages, foudre, coupures secteur, surtensions, variations de tensions, de fr\u00e9quence et temp\u00e9rature excessive fragilisent votre entreprise. Outils de production endommag\u00e9s, informatique et syst\u00e8me d\u2019information indisponibles et corrompus. 1. Nos solutions produit \ufeff2.Une offre cl\u00e9 en main<\/p>\n","protected":false},"author":1,"featured_media":0,"parent":0,"menu_order":0,"comment_status":"closed","ping_status":"closed","template":"pro\/page-templates\/full-width-page.php","meta":{"om_disable_all_campaigns":false,"_monsterinsights_skip_tracking":false,"_monsterinsights_sitenote_active":false,"_monsterinsights_sitenote_note":"","_monsterinsights_sitenote_category":0,"footnotes":""},"class_list":["post-81","page","type-page","status-publish","hentry"],"aioseo_notices":[],"_links":{"self":[{"href":"https:\/\/www.regul-elec.fr\/index.php\/wp-json\/wp\/v2\/pages\/81","targetHints":{"allow":["GET"]}}],"collection":[{"href":"https:\/\/www.regul-elec.fr\/index.php\/wp-json\/wp\/v2\/pages"}],"about":[{"href":"https:\/\/www.regul-elec.fr\/index.php\/wp-json\/wp\/v2\/types\/page"}],"author":[{"embeddable":true,"href":"https:\/\/www.regul-elec.fr\/index.php\/wp-json\/wp\/v2\/users\/1"}],"replies":[{"embeddable":true,"href":"https:\/\/www.regul-elec.fr\/index.php\/wp-json\/wp\/v2\/comments?post=81"}],"version-history":[{"count":5,"href":"https:\/\/www.regul-elec.fr\/index.php\/wp-json\/wp\/v2\/pages\/81\/revisions"}],"predecessor-version":[{"id":375,"href":"https:\/\/www.regul-elec.fr\/index.php\/wp-json\/wp\/v2\/pages\/81\/revisions\/375"}],"wp:attachment":[{"href":"https:\/\/www.regul-elec.fr\/index.php\/wp-json\/wp\/v2\/media?parent=81"}],"curies":[{"name":"wp","href":"https:\/\/api.w.org\/{rel}","templated":true}]}}