{"id":80,"date":"2018-11-05T18:12:07","date_gmt":"2018-11-05T17:12:07","guid":{"rendered":"http:\/\/www.regul-elec.fr\/?page_id=80"},"modified":"2024-10-23T15:03:02","modified_gmt":"2024-10-23T13:03:02","slug":"presentation","status":"publish","type":"page","link":"https:\/\/www.regul-elec.fr\/index.php\/presentation\/","title":{"rendered":"Pr\u00e9sentation"},"content":{"rendered":"<div  data-label=\"About\" data-id=\"about--2\" data-export-id=\"about-text-image\" data-category=\"about\" class=\"about-text-image content-section content-section-spacing\" id=\"about-2\" style=\"background-color: rgb(245, 250, 253);\"><div  class=\"gridContainer\"> <div  class=\"row\"><div  class=\"col-sm-6 col-padding-small-xs col-sm-padding-large bg-color5 white-text content-col\" data-type=\"column\">  <h2  class=\"\">Profil de soci\u00e9t\u00e9<\/h2> <p  class=\"\">Cr\u00e9\u00e9e en mai 2018, sous la forme d\u2019une SAS, par un expert en alimentation \u00e9lectrique haute fiabilit\u00e9 b\u00e9n\u00e9ficiant de plus de 25 ans d\u2019exp\u00e9rience, le si\u00e8ge social de la soci\u00e9t\u00e9 REGUL-ELEC est implant\u00e9 sur la commune de Saint-Jeures (43200), au c\u0153ur de la r\u00e9gion Auvergne Rh\u00f4ne-Alpes.<br >\nNotre m\u00e9tier : accompagner les professionnels (entreprises industrielles, tertiaires, \u2026) dans la s\u00e9curisation de la disponibilit\u00e9 de l\u2019alimentation \u00e9lectrique, du diagnostic jusqu\u2019\u00e0 la maintenance.<br >\nREGUL-ELEC, est une soci\u00e9t\u00e9 de services, sp\u00e9cialis\u00e9e dans le conseil, la vente, l\u2019installation et la maintenance d\u2019\u00e9quipements de fiabilisation de l\u2019alimentation \u00e9lectrique (parafoudres, groupes \u00e9lectrog\u00e8nes, alternateurs sur prise de force, onduleurs, d\u00e9tection et extinction incendie des \u00e9quipements \u00e9lectriques et informatiques, coffret et armoires 19\u201c climatis\u00e9es, batteries de condensateurs, logiciels de supervision associ\u00e9s).<br >\nNotre ind\u00e9pendance vis \u00e0 vis des constructeurs nous permet de vous apporter une solution compl\u00e8te et optimis\u00e9e, parfaitement adapt\u00e9e \u00e0 votre besoin sp\u00e9cifique.<br >\nNous sommes partenaire des plus grands constructeurs dans leur domaine (Himoinsa, APC by Schneider, Eaton, Ecus,&nbsp; Vertiv, Citel, \u2026).<br >\nOrages, foudre, givre, variations de tension, coupures \u00e9lectriques et autres \u00e9v\u00e9nements mettent en p\u00e9ril vos outils de production et la performance de votre entreprise. REGUL-ELEC vous propose des solutions. Contactez-nous par e-mail, contact@regul-elec.fr, ou par t\u00e9l\u00e9phone au 09 62 61 58 17.<\/p><\/div> <div  class=\"col-sm-6 flexbox-strech center-xs middle-xs no-gutter-col\"><div  class=\"shadow-large overlap-left-large flexbox middle-xs center-xs right-img\" data-bg=\"image\" style=\"background-image: url(&quot;http:\/\/www.regul-elec.fr\/wp-content\/uploads\/2018\/11\/cropped-Powerware_Mge_Family_02_08-3.jpg&quot;);\"><\/div><\/div> <\/div><\/div> <\/div><div  data-label=\"About\" data-id=\"about--1\" data-export-id=\"about-image-text\" data-category=\"about\" class=\"about-image-text content-section content-section-spacing\" id=\"about-1\" style=\"background-color: rgb(255, 255, 255);\"><div  class=\"gridContainer\"> <div  class=\"row\"><div  class=\"col-sm-6 flexbox-strech center-xs middle-xs no-gutter-col\"> <div  class=\"shadow-large overlap-right-large flexbox middle-xs center-xs left-img\" data-bg=\"image\" style=\"background-image: url(&quot;http:\/\/www.regul-elec.fr\/wp-content\/uploads\/2018\/11\/cropped-Logo-RegulElec-709x709-px-1.jpg&quot;);\"><\/div><\/div> <div  class=\"col-sm-6 space-bottom-xs col-padding-small-xs col-sm-padding-large bg-color5 white-text content-col\" data-type=\"column\"> <h2  class=\"\">Experts en alimentation \u00e9lectrique haute fiabilit\u00e9.<\/h2> <p  class=\"\">Forts de leur exp\u00e9rience dans le domaine de la qualit\u00e9 et de la fiabilit\u00e9 de l\u2019alimentation \u00e9lectrique depuis plus de 25 ans, nos sp\u00e9cialistes mettront toutes leurs comp\u00e9tences et leur savoir-faire au service de votre entreprise pour que votre syst\u00e8me d\u2019information (serveurs, ordinateurs, routeurs, \u2026), vos \u00e9quipements de communication (t\u00e9l\u00e9phonie IP, bornes Wi-Fi, \u2026) et vos appareils \u00e9lectroniques soient op\u00e9rationnels en leur procurant un courant ininterrompu et stable.<\/p><\/div> <\/div><\/div> <\/div>","protected":false},"excerpt":{"rendered":"<p>Profil de soci\u00e9t\u00e9 Cr\u00e9\u00e9e en mai 2018, sous la forme d\u2019une SAS, par un expert en alimentation \u00e9lectrique haute fiabilit\u00e9 b\u00e9n\u00e9ficiant de plus de 25 ans d\u2019exp\u00e9rience, le si\u00e8ge social de la soci\u00e9t\u00e9 REGUL-ELEC est implant\u00e9 sur la commune de Saint-Jeures (43200), au c\u0153ur de la r\u00e9gion Auvergne Rh\u00f4ne-Alpes. Notre m\u00e9tier : accompagner les professionnels&hellip; <br \/> <a class=\"read-more\" href=\"https:\/\/www.regul-elec.fr\/index.php\/presentation\/\">Lire la suite<\/a><\/p>\n","protected":false},"author":1,"featured_media":0,"parent":0,"menu_order":0,"comment_status":"closed","ping_status":"closed","template":"pro\/page-templates\/full-width-page.php","meta":{"om_disable_all_campaigns":false,"_monsterinsights_skip_tracking":false,"_monsterinsights_sitenote_active":false,"_monsterinsights_sitenote_note":"","_monsterinsights_sitenote_category":0,"footnotes":""},"class_list":["post-80","page","type-page","status-publish","hentry"],"aioseo_notices":[],"_links":{"self":[{"href":"https:\/\/www.regul-elec.fr\/index.php\/wp-json\/wp\/v2\/pages\/80","targetHints":{"allow":["GET"]}}],"collection":[{"href":"https:\/\/www.regul-elec.fr\/index.php\/wp-json\/wp\/v2\/pages"}],"about":[{"href":"https:\/\/www.regul-elec.fr\/index.php\/wp-json\/wp\/v2\/types\/page"}],"author":[{"embeddable":true,"href":"https:\/\/www.regul-elec.fr\/index.php\/wp-json\/wp\/v2\/users\/1"}],"replies":[{"embeddable":true,"href":"https:\/\/www.regul-elec.fr\/index.php\/wp-json\/wp\/v2\/comments?post=80"}],"version-history":[{"count":8,"href":"https:\/\/www.regul-elec.fr\/index.php\/wp-json\/wp\/v2\/pages\/80\/revisions"}],"predecessor-version":[{"id":719,"href":"https:\/\/www.regul-elec.fr\/index.php\/wp-json\/wp\/v2\/pages\/80\/revisions\/719"}],"wp:attachment":[{"href":"https:\/\/www.regul-elec.fr\/index.php\/wp-json\/wp\/v2\/media?parent=80"}],"curies":[{"name":"wp","href":"https:\/\/api.w.org\/{rel}","templated":true}]}}