{"id":72,"date":"2018-11-05T18:12:07","date_gmt":"2018-11-05T17:12:07","guid":{"rendered":"http:\/\/www.regul-elec.fr\/?page_id=72"},"modified":"2019-04-01T11:26:24","modified_gmt":"2019-04-01T09:26:24","slug":"alternateur-prise-de-force","status":"publish","type":"page","link":"https:\/\/www.regul-elec.fr\/index.php\/alternateur-prise-de-force\/","title":{"rendered":"Alternateur prise de force"},"content":{"rendered":"<div  data-label=\"Features\" data-id=\"features--1\" data-export-id=\"features-6\" data-category=\"features\" class=\"features-6 content-section-spacing\" id=\"features-1\" style=\"background-color: rgb(255, 255, 255);\"><div  class=\"gridContainer\"> <div  class=\"row text-center\"><div  class=\"section-title-col\" data-type=\"column\">  <\/div> <\/div> <div  data-type=\"row\" class=\"row space-bottom\"> <div  class=\"col-xs-12 col-sm-4 col-padding-small-xs\"> <div  class=\"row\"> <div  class=\"col-xs-fit\"> <p  class=\"oval color2\"><span  style=\"color: rgb(23, 1, 124);\">1<\/span><\/p><\/div> <div  class=\"col-xs left-text\" data-type=\"column\"><h4  class=\"color2\"><span  style=\"color: rgb(23, 1, 124);\">Alternateur sur prise de force (d\u00e9finition et constituants)<\/span><\/h4> <p  class=\"\">D\u00e9finition d\u2019un l\u2019alternateur sur prise de force :<br >\n\u2022\tL\u2019alternateur sur prise de force est une source d\u2019alimentation autonome entrain\u00e9e par la prise de force d\u2019un tracteur.<br >\n\u2022\t\u00c9galement connu sous le nom de prise de force tracteur<br >\n\u2022\tL\u2019alternateur sur prise de force est une solution d\u2019alimentation de secours \u00e0 moindre co\u00fbt.\n\n<br ><br >Un alternateur sur prise de force  comprend:<br >\n\u2022\tUn alternateur<br >\n\u2022\tUn multiplicateur<br >\n\u2022\tLa r\u00e9gulation<br >\n\u2022\tUn tableau \u00e9lectrique<\/p><\/div> <\/div><\/div> <div  class=\"col-xs-12 col-sm-4 col-padding-small-xs\"><div  class=\"row\"> <div  class=\"col-xs-fit\"><p  class=\"oval color2\"><span  style=\"color: rgb(23, 1, 124);\">2<\/span><\/p><\/div> <div  class=\"col-xs left-text\" data-type=\"column\"><h4  class=\"color2\"><span  style=\"color: rgb(23, 1, 124);\">L\u2019alternateur<\/span><\/h4> <p  class=\"\">\u2022\t2 ou 4 p\u00f4les selon mod\u00e8le<br >\n\u2022\tVitesse 3000 rpm (2 p\u00f4les) ; 1500 rpm (4 p\u00f4les)<br >\n\u2022\tFr\u00e9quence 50Hz non r\u00e9gul\u00e9e<br >\n\u2022\tDegr\u00e9 de protection m\u00e9canique IP21 ou IP23 (selon mod\u00e8le)<br >\n\u2022\tDegr\u00e9 de protection Isolement : Classe H<br >\n\u2022\tR\u00e9gulation Compound ou AVR (selon mod\u00e8le)<br >\n\u2022\tAntiparasitage norme VDE Classe N<\/p><\/div> <\/div><\/div> <div  class=\"col-xs-12 col-sm-4 col-padding-small-xs\"><div  class=\"row\"> <div  class=\"col-xs-fit\"><p  class=\"oval color2\"><span  style=\"color: rgb(23, 1, 124);\">3<\/span><\/p><\/div> <div  class=\"col-xs left-text\" data-type=\"column\"><h4  class=\"color2\"><span  style=\"color: rgb(23, 1, 124);\">Multiplicateur<\/span><\/h4> <p  class=\"\">\u2022\tC\u2019est un ensemble m\u00e9canique qui a pour r\u00f4le de transmettre la force m\u00e9canique du tracteur \u00e0 une vitesse donn\u00e9e, et de multiplier celle- ci afin d\u2019atteindre la vitesse nominale de l\u2019alternateur<br >\n\u2022\tDispositif de protection cardan<\/p><\/div> <\/div><\/div> <div  class=\"col-xs-12 col-sm-4 col-padding-small-xs\"> <div  class=\"row\"> <div  class=\"col-xs-fit\"> <p  class=\"oval color2\"><span  style=\"color: rgb(23, 1, 124);\">4<\/span><span  id=\"_mce_caret\" data-mce-bogus=\"1\" data-mce-type=\"format-caret\"><span  style=\"color: rgb(23, 1, 124);\">\ufeff<\/span><\/span><\/p><\/div> <div  class=\"col-xs left-text\" data-type=\"column\"><h4  class=\"color2\"><span  style=\"color: rgb(23, 1, 124);\">Tableau \u00e9lectrique<\/span><\/h4> <p  class=\"\">\u2022\tEnveloppe m\u00e9tallique<br >\n\u2022\tDisjoncteur diff\u00e9rentiel tetra (selon mod\u00e8le)<br >\n\u2022\tDisjoncteur de protection monophas\u00e9<br >\n\u2022\tVoltm\u00e8tre<br >\n\u2022\tFr\u00e9quencem\u00e8tre<br >\n\u2022\tAmp\u00e8rem\u00e8tre.<br >\n\u2022\tPrise triphas\u00e9e 3P+N+T (selon mod\u00e8le)<br >\n\u2022\tPrise monophas\u00e9e 2P+T<br >\n\u2022\tCadrans de contr\u00f4le clairement visibles depuis le poste de conduite du tracteur<\/p><\/div> <\/div><\/div><div  class=\"col-xs-12 col-sm-4 col-padding-small-xs\"> <div  class=\"row\"> <div  class=\"col-xs-fit\"> <p  class=\"oval color2\"><span  style=\"color: rgb(23, 1, 124);\">5<\/span><\/p><\/div> <div  class=\"col-xs left-text\" data-type=\"column\"><h4  class=\"color2\"><span  style=\"color: rgb(23, 1, 124);\">Installation<\/span><\/h4> <p  class=\"\">\u2022\tL\u2019alternateur sur prise de force s\u2019installe ais\u00e9ment gr\u00e2ce \u00e0 un attelage \u201ftrois points\u201d<\/p><\/div> <\/div><\/div><div  class=\"col-xs-12 col-sm-4 col-padding-small-xs\"> <div  class=\"row\"> <div  class=\"col-xs-fit\"> <p  class=\"oval color2\"><span  style=\"color: rgb(23, 1, 124);\">6<\/span><\/p><\/div> <div  class=\"col-xs left-text\" data-type=\"column\"><h4  class=\"color2\"><span  style=\"color: rgb(23, 1, 124);\">Ch\u00e2ssis<\/span><\/h4> <p  class=\"\">\u2022\tCh\u00e2ssis en acier m\u00e9canosoud\u00e9, supportant l\u2019ensemble alternateur, multiplicateur et tableau \u00e9lectrique con\u00e7u pour \u00eatre d\u00e9plac\u00e9 en position relevage, mais uniquement pour un petit trajet dans une zone priv\u00e9e<\/p><\/div> <\/div><\/div><div  class=\"col-xs-12 col-sm-4 col-padding-small-xs\"> <div  class=\"row\"> <div  class=\"col-xs-fit\"> <p  class=\"oval color2\"><span  style=\"color: rgb(23, 1, 124);\">7<\/span><\/p><\/div> <div  class=\"col-xs left-text\" data-type=\"column\"><h4  class=\"color2\"><span  style=\"color: rgb(23, 1, 124);\">Surcharge<\/span><\/h4> <p  class=\"\">\u2022\tPuissance de d\u00e9marrage admissible : 300 % pendant 20 secondes. 50 % pendant 2 minutes.<br >\n\u2022\tSurcharge de 10 % pendant une 1 heure maxi et impliquant 6 heures de refroidissement<\/p><\/div> <\/div><\/div><div  class=\"col-xs-12 col-sm-4 col-padding-small-xs\"> <div  class=\"row\"> <div  class=\"col-xs-fit\"> <p  class=\"oval color2\"><span  style=\"color: rgb(23, 1, 124);\">8<\/span><\/p><\/div> <div  class=\"col-xs left-text\" data-type=\"column\"><h4  class=\"color2\"><span  style=\"color: rgb(23, 1, 124);\">Divers<\/span><\/h4> <p  class=\"\">\u2022\tCapacit\u00e9s de d\u00e9marrage exceptionnelles<br >\n\u2022\tNiveau \u00e9lev\u00e9 de performances<br >\n\u2022\tFiabilit\u00e9 maximale<\/p><\/div> <\/div><\/div><\/div> <div  class=\"row\"> <div  data-type=\"column\" class=\"col-xs-12 text-center\"> <\/div> <\/div><\/div> <\/div>","protected":false},"excerpt":{"rendered":"<p>1 Alternateur sur prise de force (d\u00e9finition et constituants) D\u00e9finition d\u2019un l\u2019alternateur sur prise de force : \u2022 L\u2019alternateur sur prise de force est une source d\u2019alimentation autonome entrain\u00e9e par la prise de force d\u2019un tracteur. \u2022 \u00c9galement connu sous le nom de prise de force tracteur \u2022 L\u2019alternateur sur prise de force est une&hellip; <br \/> <a class=\"read-more\" href=\"https:\/\/www.regul-elec.fr\/index.php\/alternateur-prise-de-force\/\">Lire la suite<\/a><\/p>\n","protected":false},"author":1,"featured_media":0,"parent":0,"menu_order":0,"comment_status":"closed","ping_status":"closed","template":"pro\/page-templates\/full-width-page.php","meta":{"om_disable_all_campaigns":false,"_monsterinsights_skip_tracking":false,"_monsterinsights_sitenote_active":false,"_monsterinsights_sitenote_note":"","_monsterinsights_sitenote_category":0,"footnotes":""},"class_list":["post-72","page","type-page","status-publish","hentry"],"aioseo_notices":[],"_links":{"self":[{"href":"https:\/\/www.regul-elec.fr\/index.php\/wp-json\/wp\/v2\/pages\/72","targetHints":{"allow":["GET"]}}],"collection":[{"href":"https:\/\/www.regul-elec.fr\/index.php\/wp-json\/wp\/v2\/pages"}],"about":[{"href":"https:\/\/www.regul-elec.fr\/index.php\/wp-json\/wp\/v2\/types\/page"}],"author":[{"embeddable":true,"href":"https:\/\/www.regul-elec.fr\/index.php\/wp-json\/wp\/v2\/users\/1"}],"replies":[{"embeddable":true,"href":"https:\/\/www.regul-elec.fr\/index.php\/wp-json\/wp\/v2\/comments?post=72"}],"version-history":[{"count":3,"href":"https:\/\/www.regul-elec.fr\/index.php\/wp-json\/wp\/v2\/pages\/72\/revisions"}],"predecessor-version":[{"id":668,"href":"https:\/\/www.regul-elec.fr\/index.php\/wp-json\/wp\/v2\/pages\/72\/revisions\/668"}],"wp:attachment":[{"href":"https:\/\/www.regul-elec.fr\/index.php\/wp-json\/wp\/v2\/media?parent=72"}],"curies":[{"name":"wp","href":"https:\/\/api.w.org\/{rel}","templated":true}]}}