{"id":69,"date":"2018-11-05T18:12:07","date_gmt":"2018-11-05T17:12:07","guid":{"rendered":"http:\/\/www.regul-elec.fr\/?page_id=69"},"modified":"2019-03-09T11:02:00","modified_gmt":"2019-03-09T10:02:00","slug":"on-line","status":"publish","type":"page","link":"https:\/\/www.regul-elec.fr\/index.php\/on-line\/","title":{"rendered":"On-line"},"content":{"rendered":"<div  data-label=\"Overlappable\" data-id=\"overlappable--1\" data-export-id=\"overlappable-5\" data-category=\"overlappable\" class=\"overlappable-5 content-section content-section-spacing\" data-overlap=\"true\" id=\"overlappable-1\" style=\"background-color: rgb(255, 255, 255);\"><div  class=\"gridContainer\"> <div  data-type=\"row\" class=\"row shadow-medium bg-color-white center-sm\"><div  class=\"col-xs-12 col-sm-4 col-padding col-padding-xs bg-color-white\"> <div  class=\"row middle-sm\"><div  class=\"col-xs-12 col-sm-fit icon-column\"> <i  class=\"fa icon fa-bolt bordered round color1\"><\/i><\/div> <div  data-type=\"column\" class=\"col-xs-12 col-sm v-spacing\"><h5  class=\"\">&nbsp;R\u00e9seau \u00e9lectrique amont pr\u00e9sent<\/h5><\/div> <\/div> <div  class=\"row\"> <div  class=\"col-xs-12 col-sm-12\" data-type=\"column\"> <p  class=\"\">\u2022\tLe redresseur charge les batteries \u00e0 partir du r\u00e9seau.<br >\n\u2022\tL\u2019onduleur convertit le courant continu en courant alternatif filtr\u00e9 et r\u00e9gul\u00e9 pour alimenter les \u00e9quipements prot\u00e9g\u00e9s.<br >\n\u2022\tLe by-pass commute l\u2019utilisation sur le r\u00e9seau \u00e9lectrique en cas de surcharge, de d\u00e9faillance de l\u2019onduleur, ou \u00e0 la demande de l\u2019utilisateur pour certaines op\u00e9rations de maintenance.<\/p> <\/div> <\/div><\/div> <div  class=\"col-xs-12 col-sm-4 col-padding col-padding-xs bg-color-white\"><div  class=\"row middle-sm\"> <div  class=\"col-xs-12 col-sm-fit icon-column\"><i  class=\"fa icon fa-battery-0 bordered round color1\"><\/i><\/div> <div  data-type=\"column\" class=\"col-xs-12 col-sm v-spacing\"><h5  class=\"\">&nbsp;R\u00e9seau \u00e9lectrique amont absent ou hors tol\u00e9rance<\/h5><\/div> <\/div> <div  class=\"row\"> <div  class=\"col-xs-12 col-sm-12\" data-type=\"column\"> <p  class=\"\">\u2022\tLe courant continu provenant de la batterie est converti par l\u2019onduleur en courant alternatif filtr\u00e9 et r\u00e9gul\u00e9 pour alimenter les \u00e9quipements prot\u00e9g\u00e9s.\n\n<br ><br >\u2022 Pas de temps de transfert. Aucune variation en sortie.<br ><br >&nbsp;<br ><\/p> <\/div> <\/div><\/div> <div  class=\"col-xs-12 col-sm-4 col-padding col-padding-xs bg-color-white\"><div  class=\"row middle-sm\"> <div  class=\"col-xs-12 col-sm-fit icon-column\"><i  class=\"fa icon fa-thumbs-o-up bordered round color1\"><\/i><\/div> <div  data-type=\"column\" class=\"col-xs-12 col-sm v-spacing\"><h5  class=\"\">Avantages<\/h5><\/div> <\/div> <div  class=\"row\"> <div  class=\"col-xs-12 col-sm-12\" data-type=\"column\"> <p  class=\"\">\u2022\tL\u2019alimentation fournie par l\u2019onduleur (reconstitu\u00e9e en permanence) est toujours filtr\u00e9e et r\u00e9gul\u00e9e que le r\u00e9seau \u00e9lectrique amont soit pr\u00e9sent ou non.<br >\n\u2022\tTous les types de perturbations sont \u00e9limin\u00e9s.<br >\n\u2022\tExcellente r\u00e9gulation de la tension de sortie<br >\n\u2022\tExcellente r\u00e9gulation de la fr\u00e9quence de sortie<br >\n\u2022\tAucun temps de transfert<br >\n\u2022\tTransfert en mode by-pass sans coupure<\/p> <\/div> <\/div><\/div> <div  class=\"col-xs-12 col-sm-4 col-padding col-padding-xs bg-color-white\"> <div  class=\"row middle-sm\"><div  class=\"col-xs-12 col-sm-fit icon-column\"> <i  class=\"fa icon fa-thumbs-o-down bordered round color1\"><\/i><\/div> <div  data-type=\"column\" class=\"col-xs-12 col-sm v-spacing\"><h5  class=\"\">Inconv\u00e9nients<\/h5><\/div> <\/div> <div  class=\"row\"> <div  class=\"col-xs-12 col-sm-12\" data-type=\"column\"> <p  class=\"\">\u2022\tCo\u00fbt plus \u00e9lev\u00e9<\/p> <\/div> <\/div><\/div><\/div><\/div> <\/div>","protected":false},"excerpt":{"rendered":"<p>&nbsp;R\u00e9seau \u00e9lectrique amont pr\u00e9sent \u2022 Le redresseur charge les batteries \u00e0 partir du r\u00e9seau. \u2022 L\u2019onduleur convertit le courant continu en courant alternatif filtr\u00e9 et r\u00e9gul\u00e9 pour alimenter les \u00e9quipements prot\u00e9g\u00e9s. \u2022 Le by-pass commute l\u2019utilisation sur le r\u00e9seau \u00e9lectrique en cas de surcharge, de d\u00e9faillance de l\u2019onduleur, ou \u00e0 la demande de l\u2019utilisateur pour&hellip; <br \/> <a class=\"read-more\" href=\"https:\/\/www.regul-elec.fr\/index.php\/on-line\/\">Lire la suite<\/a><\/p>\n","protected":false},"author":1,"featured_media":0,"parent":0,"menu_order":0,"comment_status":"closed","ping_status":"closed","template":"pro\/page-templates\/full-width-page.php","meta":{"om_disable_all_campaigns":false,"_monsterinsights_skip_tracking":false,"_monsterinsights_sitenote_active":false,"_monsterinsights_sitenote_note":"","_monsterinsights_sitenote_category":0,"footnotes":""},"class_list":["post-69","page","type-page","status-publish","hentry"],"aioseo_notices":[],"_links":{"self":[{"href":"https:\/\/www.regul-elec.fr\/index.php\/wp-json\/wp\/v2\/pages\/69","targetHints":{"allow":["GET"]}}],"collection":[{"href":"https:\/\/www.regul-elec.fr\/index.php\/wp-json\/wp\/v2\/pages"}],"about":[{"href":"https:\/\/www.regul-elec.fr\/index.php\/wp-json\/wp\/v2\/types\/page"}],"author":[{"embeddable":true,"href":"https:\/\/www.regul-elec.fr\/index.php\/wp-json\/wp\/v2\/users\/1"}],"replies":[{"embeddable":true,"href":"https:\/\/www.regul-elec.fr\/index.php\/wp-json\/wp\/v2\/comments?post=69"}],"version-history":[{"count":5,"href":"https:\/\/www.regul-elec.fr\/index.php\/wp-json\/wp\/v2\/pages\/69\/revisions"}],"predecessor-version":[{"id":504,"href":"https:\/\/www.regul-elec.fr\/index.php\/wp-json\/wp\/v2\/pages\/69\/revisions\/504"}],"wp:attachment":[{"href":"https:\/\/www.regul-elec.fr\/index.php\/wp-json\/wp\/v2\/media?parent=69"}],"curies":[{"name":"wp","href":"https:\/\/api.w.org\/{rel}","templated":true}]}}