{"id":67,"date":"2018-11-05T18:12:05","date_gmt":"2018-11-05T17:12:05","guid":{"rendered":"http:\/\/www.regul-elec.fr\/?page_id=67"},"modified":"2018-11-14T16:23:14","modified_gmt":"2018-11-14T15:23:14","slug":"off-line","status":"publish","type":"page","link":"https:\/\/www.regul-elec.fr\/index.php\/off-line\/","title":{"rendered":"Off-line"},"content":{"rendered":"<div data-label=\"Overlappable\" data-id=\"overlappable--1\" data-export-id=\"overlappable-5\" data-category=\"overlappable\" class=\"overlappable-5 content-section content-section-spacing\" data-overlap=\"true\" id=\"overlappable-1\"  style=\"background-color: rgb(255, 255, 255);\"><div class=\"gridContainer\" > <div data-type=\"row\" class=\"row shadow-medium bg-color-white center-sm\" ><div class=\"col-xs-12 col-sm-4 col-padding col-padding-xs bg-color-white\" > <div class=\"row middle-sm\" ><div class=\"col-xs-12 col-sm-fit icon-column\" > <i class=\"fa icon fa-flash bordered round color1\" ><\/i><\/div> <div data-type=\"column\" class=\"col-xs-12 col-sm v-spacing\" ><h5 class=\"\" >&nbsp;R\u00e9seau \u00e9lectrique amont pr\u00e9sent<\/h5><\/div> <\/div> <div class=\"row\" > <div class=\"col-xs-12 col-sm-12\" data-type=\"column\" > <p class=\"\" >\u2022\tLe redresseur charge les batteries \u00e0 partir du r\u00e9seau.<br >\n\u2022\tLa tension de sortie est simplement filtr\u00e9e.<br >\n\u2022\tLa fr\u00e9quence de sortie est celle du r\u00e9seau \u00e9lectrique. Pas de r\u00e9gulation.<\/p> <\/div> <\/div><\/div> <div class=\"col-xs-12 col-sm-4 col-padding col-padding-xs bg-color-white\" ><div class=\"row middle-sm\" > <div class=\"col-xs-12 col-sm-fit icon-column\" ><i class=\"fa icon fa-battery-empty bordered round color1\" ><\/i><\/div> <div data-type=\"column\" class=\"col-xs-12 col-sm v-spacing\" ><h5 class=\"\" >&nbsp;R\u00e9seau \u00e9lectrique amont absent ou hors tol\u00e9rance<\/h5><\/div> <\/div> <div class=\"row\" > <div class=\"col-xs-12 col-sm-12\" data-type=\"column\" > <p class=\"\" >\u2022\tLe commutateur se d\u00e9connecte du r\u00e9seau \u00e9lectrique amont et le courant continu provenant de la batterie est converti par l\u2019onduleur en courant alternatif pour alimenter les \u00e9quipements prot\u00e9g\u00e9s.<br >\n\u2022\tLe passage en mode batterie engendre une coupure en sortie (entre 4 et 16 ms).<\/p> <\/div> <\/div><\/div> <div class=\"col-xs-12 col-sm-4 col-padding col-padding-xs bg-color-white\" ><div class=\"row middle-sm\" > <div class=\"col-xs-12 col-sm-fit icon-column\" ><i class=\"fa icon fa-thumbs-o-up bordered round color1\" ><\/i><\/div> <div data-type=\"column\" class=\"col-xs-12 col-sm v-spacing\" ><h5 class=\"\" >&nbsp;Avantages<\/h5><\/div> <\/div> <div class=\"row\" > <div class=\"col-xs-12 col-sm-12\" data-type=\"column\" > <p class=\"\" >\u2022\tFaible co\u00fbt<\/p> <\/div> <\/div><\/div> <div class=\"col-xs-12 col-sm-4 col-padding col-padding-xs bg-color-white\" > <div class=\"row middle-sm\" ><div class=\"col-xs-12 col-sm-fit icon-column\" > <i class=\"fa icon fa-thumbs-o-down bordered round color1\" ><\/i><\/div> <div data-type=\"column\" class=\"col-xs-12 col-sm v-spacing\" ><h5 class=\"\" >Inconv\u00e9nients<\/h5><\/div> <\/div> <div class=\"row\" > <div class=\"col-xs-12 col-sm-12\" data-type=\"column\" > <p class=\"\" >\u2022\tEn pr\u00e9sence du r\u00e9seau \u00e9lectrique amont les \u00e9quipements prot\u00e9g\u00e9s sont aliment\u00e9s en direct.<br >\n\u2022\tNe prot\u00e8ge que contre les coupures, les surtensions et les creux de tension.<br >\n\u2022\tLe passage en mode batterie engendre une coupure en sortie (entre 4 et 16 ms).<br >\n\u2022\tLa fr\u00e9quence de sortie est celle du r\u00e9seau \u00e9lectrique. Pas de r\u00e9gulation.<br >\n\u2022\tPas d\u2019isolement entre la sortie et le r\u00e9seau \u00e9lectrique.<br >\n\u2022\tPas de by-pass<\/p> <\/div> <\/div><\/div><\/div><\/div> <\/div>","protected":false},"excerpt":{"rendered":"<p>&nbsp;R\u00e9seau \u00e9lectrique amont pr\u00e9sent \u2022 Le redresseur charge les batteries \u00e0 partir du r\u00e9seau. \u2022 La tension de sortie est simplement filtr\u00e9e. \u2022 La fr\u00e9quence de sortie est celle du r\u00e9seau \u00e9lectrique. Pas de r\u00e9gulation. &nbsp;R\u00e9seau \u00e9lectrique amont absent ou hors tol\u00e9rance \u2022 Le commutateur se d\u00e9connecte du r\u00e9seau \u00e9lectrique amont et le courant continu&hellip; <br \/> <a class=\"read-more\" href=\"https:\/\/www.regul-elec.fr\/index.php\/off-line\/\">Lire la suite<\/a><\/p>\n","protected":false},"author":1,"featured_media":0,"parent":0,"menu_order":0,"comment_status":"closed","ping_status":"closed","template":"pro\/page-templates\/full-width-page.php","meta":{"om_disable_all_campaigns":false,"_monsterinsights_skip_tracking":false,"_monsterinsights_sitenote_active":false,"_monsterinsights_sitenote_note":"","_monsterinsights_sitenote_category":0,"footnotes":""},"class_list":["post-67","page","type-page","status-publish","hentry"],"aioseo_notices":[],"_links":{"self":[{"href":"https:\/\/www.regul-elec.fr\/index.php\/wp-json\/wp\/v2\/pages\/67","targetHints":{"allow":["GET"]}}],"collection":[{"href":"https:\/\/www.regul-elec.fr\/index.php\/wp-json\/wp\/v2\/pages"}],"about":[{"href":"https:\/\/www.regul-elec.fr\/index.php\/wp-json\/wp\/v2\/types\/page"}],"author":[{"embeddable":true,"href":"https:\/\/www.regul-elec.fr\/index.php\/wp-json\/wp\/v2\/users\/1"}],"replies":[{"embeddable":true,"href":"https:\/\/www.regul-elec.fr\/index.php\/wp-json\/wp\/v2\/comments?post=67"}],"version-history":[{"count":4,"href":"https:\/\/www.regul-elec.fr\/index.php\/wp-json\/wp\/v2\/pages\/67\/revisions"}],"predecessor-version":[{"id":197,"href":"https:\/\/www.regul-elec.fr\/index.php\/wp-json\/wp\/v2\/pages\/67\/revisions\/197"}],"wp:attachment":[{"href":"https:\/\/www.regul-elec.fr\/index.php\/wp-json\/wp\/v2\/media?parent=67"}],"curies":[{"name":"wp","href":"https:\/\/api.w.org\/{rel}","templated":true}]}}