{"id":66,"date":"2018-11-05T18:12:05","date_gmt":"2018-11-05T17:12:05","guid":{"rendered":"http:\/\/www.regul-elec.fr\/?page_id=66"},"modified":"2019-11-25T15:49:29","modified_gmt":"2019-11-25T14:49:29","slug":"onduleur","status":"publish","type":"page","link":"https:\/\/www.regul-elec.fr\/index.php\/onduleur\/","title":{"rendered":"Onduleur"},"content":{"rendered":"<div  data-label=\"About\" data-id=\"about--1\" data-export-id=\"about-10\" data-category=\"about\" class=\"about-10 content-section content-section-spacing\" id=\"about-1\" style=\"background-color: rgb(245, 250, 253);\"><div  class=\"gridContainer\"> <div  class=\"row middle-sm text-center\"><div  class=\"col-sm-5 space-bottom-xs content-column\" data-type=\"column\"> <h5  class=\"\">D\u00e9finition d\u2019un onduleur<\/h5>  <p  class=\"\">\u2022\t\u00c9galement appel\u00e9 ASI (Alimentation statique ininterruptible) ou UPS (Uninterruptible Power Supply)<br >\n\u2022\tL\u2019onduleur assure une continuit\u00e9 d\u2019alimentation pendant une dur\u00e9e limit\u00e9e \u00e0 l\u2019autonomie de ses batteries<br >\n\u2022\tSelon sa technologie il offre une alimentation de qualit\u00e9 plus ou moins bonne<br >\n\u2022\t3 technologies existent et sont essentielles pour choisir un onduleur<\/p> <\/div> <div  class=\"col-sm-7 flexbox middle-xs center-xs space-bottom-xs\"><div  class=\"overlay-box middle-xs center-xs flexbox\"> <div  class=\"overlay-box-offset offset-border shadow-medium border-color1 hide-xs\"><\/div> <img decoding=\"async\"  class=\"shadow-large\" data-size=\"485x705\" src=\"http:\/\/www.regul-elec.fr\/wp-content\/uploads\/2018\/11\/cropped-Powerware_Mge_Family_02_08-4.jpg\" alt=\"\" title=\"cropped-Powerware_Mge_Family_02_08-4.jpg\"><\/div> <\/div><\/div> <\/div><\/div><div  data-label=\"About\" data-id=\"about--2\" data-export-id=\"about-10\" data-category=\"about\" class=\"about-10 content-section content-section-spacing\" id=\"about-2\" style=\"background-color: rgb(255, 255, 255);\"><div  class=\"gridContainer\"> <div  class=\"row middle-sm text-center\"><div  class=\"col-sm-5 space-bottom-xs content-column\" data-type=\"column\"> <h5  class=\"\">Un onduleur comprend 3 sous-ensembles<\/h5>  <p  class=\"\">\u2022\tLe redresseur qui charge les batteries<br >\n\u2022\tLes batteries qui stockent l\u2019\u00e9nergie<br >\n\u2022\tLe convertisseur DC\/AC, l\u2019onduleur, qui fournit l\u2019alimentation similaire \u00e0 celle du r\u00e9seau \u00e9lectrique<\/p> <\/div> <div  class=\"col-sm-7 flexbox middle-xs center-xs space-bottom-xs\"><div  class=\"overlay-box middle-xs center-xs flexbox\"> <div  class=\"overlay-box-offset offset-border shadow-medium border-color1 hide-xs\"><\/div> <img decoding=\"async\"  class=\"shadow-large\" data-size=\"485x705\" src=\"http:\/\/www.regul-elec.fr\/wp-content\/uploads\/2018\/11\/cropped-Vertiv_GXT4-700RT230E_INT_8-3.png\" alt=\"\" title=\"cropped-Vertiv_GXT4-700RT230E_INT_8-3.png\"><\/div> <\/div><\/div> <\/div><\/div><div  data-label=\"Overlappable\" data-id=\"overlappable--1\" data-export-id=\"overlappable-4\" data-category=\"overlappable\" class=\"overlappable-4 content-section content-section-spacing\" data-overlap=\"true\" id=\"overlappable-1\" style=\"background-color: rgb(255, 255, 255);\"><div  class=\"gridContainer\"> <div  data-type=\"row\" class=\"row spaced-cols text-center\"><div  class=\"col-xs-12 col-sm-4 col-padding\">  <div  data-type=\"column\" class=\"\"> <h5  class=\"\"><a href=\"http:\/\/www.apc.com\/fr\/fr\" target=\"_self\" data-mce-href=\"http:\/\/www.apc.com\/fr\/fr\"  data-cp-link=\"1\" data-mce-selected=\"inline-boundary\">www.apc.com<\/a><\/h5> <\/div> <\/div> <div  class=\"col-xs-12 col-sm-4 col-padding\">  <div  data-type=\"column\" class=\"\"><h5  class=\"\"><a  href=\"http:\/\/www.eaton.com\/fr\/fr-fr.html\" target=\"_blank\" rel=\"noopener\" data-mce-href=\"http:\/\/www.eaton.com\/fr\/fr-fr.html\" data-mce-selected=\"inline-boundary\" data-cp-link=\"1\" class=\"\">www.eaton.com<\/a><\/h5> <\/div> <\/div> <div  class=\"col-xs-12 col-sm-4 col-padding\">  <div  data-type=\"column\" class=\"\"><h5  class=\"\"><a  href=\"http:\/\/www.vertiv.com\/fr-emea\" target=\"_self\" data-mce-href=\"http:\/\/www.vertiv.com\/fr-emea\" data-mce-selected=\"inline-boundary\" data-cp-link=\"1\" class=\"\">\ufeffwww.vertiv.com<\/a><span id=\"_mce_caret\" data-mce-bogus=\"1\" data-mce-type=\"format-caret\" ><span style=\"text-decoration: underline;\" >\ufeff<\/span><\/span><\/h5> <\/div> <\/div><\/div> <\/div><\/div>","protected":false},"excerpt":{"rendered":"<p>D\u00e9finition d\u2019un onduleur \u2022 \u00c9galement appel\u00e9 ASI (Alimentation statique ininterruptible) ou UPS (Uninterruptible Power Supply) \u2022 L\u2019onduleur assure une continuit\u00e9 d\u2019alimentation pendant une dur\u00e9e limit\u00e9e \u00e0 l\u2019autonomie de ses batteries \u2022 Selon sa technologie il offre une alimentation de qualit\u00e9 plus ou moins bonne \u2022 3 technologies existent et sont essentielles pour choisir un onduleur&hellip; <br \/> <a class=\"read-more\" href=\"https:\/\/www.regul-elec.fr\/index.php\/onduleur\/\">Lire la suite<\/a><\/p>\n","protected":false},"author":1,"featured_media":0,"parent":0,"menu_order":0,"comment_status":"closed","ping_status":"closed","template":"pro\/page-templates\/full-width-page.php","meta":{"om_disable_all_campaigns":false,"_monsterinsights_skip_tracking":false,"_monsterinsights_sitenote_active":false,"_monsterinsights_sitenote_note":"","_monsterinsights_sitenote_category":0,"footnotes":""},"class_list":["post-66","page","type-page","status-publish","hentry"],"aioseo_notices":[],"_links":{"self":[{"href":"https:\/\/www.regul-elec.fr\/index.php\/wp-json\/wp\/v2\/pages\/66","targetHints":{"allow":["GET"]}}],"collection":[{"href":"https:\/\/www.regul-elec.fr\/index.php\/wp-json\/wp\/v2\/pages"}],"about":[{"href":"https:\/\/www.regul-elec.fr\/index.php\/wp-json\/wp\/v2\/types\/page"}],"author":[{"embeddable":true,"href":"https:\/\/www.regul-elec.fr\/index.php\/wp-json\/wp\/v2\/users\/1"}],"replies":[{"embeddable":true,"href":"https:\/\/www.regul-elec.fr\/index.php\/wp-json\/wp\/v2\/comments?post=66"}],"version-history":[{"count":10,"href":"https:\/\/www.regul-elec.fr\/index.php\/wp-json\/wp\/v2\/pages\/66\/revisions"}],"predecessor-version":[{"id":673,"href":"https:\/\/www.regul-elec.fr\/index.php\/wp-json\/wp\/v2\/pages\/66\/revisions\/673"}],"wp:attachment":[{"href":"https:\/\/www.regul-elec.fr\/index.php\/wp-json\/wp\/v2\/media?parent=66"}],"curies":[{"name":"wp","href":"https:\/\/api.w.org\/{rel}","templated":true}]}}