{"id":646,"date":"2019-04-01T10:58:59","date_gmt":"2019-04-01T08:58:59","guid":{"rendered":"http:\/\/www.regul-elec.fr\/?page_id=646"},"modified":"2024-10-23T17:07:59","modified_gmt":"2024-10-23T15:07:59","slug":"maintenance","status":"publish","type":"page","link":"https:\/\/www.regul-elec.fr\/index.php\/maintenance\/","title":{"rendered":"Maintenance"},"content":{"rendered":"<div  data-label=\"About\" data-id=\"about--1\" data-export-id=\"about-9\" data-category=\"about\" class=\"about-9 content-section content-section-spacing\" id=\"about-1\" style=\"background-color: rgb(255, 255, 255);\"><div  class=\"gridContainer\"> <div  class=\"row middle-sm text-center\"><div  class=\"col-sm-5 space-bottom-xs content-column content-right-sm\" data-type=\"column\">   <p  class=\"\">Vous poss\u00e9dez un groupe \u00e9lectrog\u00e8ne, un onduleur. Avez-vous pens\u00e9 \u00e0 la maintenance pr\u00e9ventive, au remplacement des fluides, des batteries, au nettoyage et \u00e0 tout entretien n\u00e9cessaire au bon fonctionnement et \u00e0 la totale disponibilit\u00e9 de votre \u00e9quipement ?<br >\nPour tous vos besoins en terme de maintenance et d\u2019installation, nous sommes en mesure de r\u00e9pondre \u00e0 vos besoins.<br >\nPour un diagnostic gratuit et de plus amples informations, contactez-nous par e-mail, contact@regul-elec.fr, ou par t\u00e9l\u00e9phone au 09 62 61 58 17.<\/p> <\/div> <div  class=\"col-sm-7 flexbox flexbox middle-xs center-xs space-bottom-xs\"><div  class=\"overlay-box flexbox middle-xs center-xs overlay-holder \"> <div  class=\"overlay-box-offset offset-background shadow-medium bg-color2 hide-xs\"><\/div> <img decoding=\"async\"  class=\"flexbox shadow-large img1\" src=\"http:\/\/www.regul-elec.fr\/wp-content\/uploads\/2019\/03\/cropped-maintenance-pr\u00e9ventive-2.jpg\" data-size=\"600x400\" alt=\"\" title=\"cropped-maintenance-pr\u00e9ventive-2.jpg\"><\/div> <\/div><\/div> <\/div><\/div>","protected":false},"excerpt":{"rendered":"<p>Vous poss\u00e9dez un groupe \u00e9lectrog\u00e8ne, un onduleur. Avez-vous pens\u00e9 \u00e0 la maintenance pr\u00e9ventive, au remplacement des fluides, des batteries, au nettoyage et \u00e0 tout entretien n\u00e9cessaire au bon fonctionnement et \u00e0 la totale disponibilit\u00e9 de votre \u00e9quipement ? Pour tous vos besoins en terme de maintenance et d\u2019installation, nous sommes en mesure de r\u00e9pondre \u00e0&hellip; <br \/> <a class=\"read-more\" href=\"https:\/\/www.regul-elec.fr\/index.php\/maintenance\/\">Lire la suite<\/a><\/p>\n","protected":false},"author":1,"featured_media":0,"parent":0,"menu_order":0,"comment_status":"closed","ping_status":"closed","template":"pro\/page-templates\/full-width-page.php","meta":{"om_disable_all_campaigns":false,"_monsterinsights_skip_tracking":false,"_monsterinsights_sitenote_active":false,"_monsterinsights_sitenote_note":"","_monsterinsights_sitenote_category":0,"footnotes":""},"class_list":["post-646","page","type-page","status-publish","hentry"],"aioseo_notices":[],"_links":{"self":[{"href":"https:\/\/www.regul-elec.fr\/index.php\/wp-json\/wp\/v2\/pages\/646","targetHints":{"allow":["GET"]}}],"collection":[{"href":"https:\/\/www.regul-elec.fr\/index.php\/wp-json\/wp\/v2\/pages"}],"about":[{"href":"https:\/\/www.regul-elec.fr\/index.php\/wp-json\/wp\/v2\/types\/page"}],"author":[{"embeddable":true,"href":"https:\/\/www.regul-elec.fr\/index.php\/wp-json\/wp\/v2\/users\/1"}],"replies":[{"embeddable":true,"href":"https:\/\/www.regul-elec.fr\/index.php\/wp-json\/wp\/v2\/comments?post=646"}],"version-history":[{"count":3,"href":"https:\/\/www.regul-elec.fr\/index.php\/wp-json\/wp\/v2\/pages\/646\/revisions"}],"predecessor-version":[{"id":764,"href":"https:\/\/www.regul-elec.fr\/index.php\/wp-json\/wp\/v2\/pages\/646\/revisions\/764"}],"wp:attachment":[{"href":"https:\/\/www.regul-elec.fr\/index.php\/wp-json\/wp\/v2\/media?parent=646"}],"curies":[{"name":"wp","href":"https:\/\/api.w.org\/{rel}","templated":true}]}}