{"id":628,"date":"2019-04-01T10:49:33","date_gmt":"2019-04-01T08:49:33","guid":{"rendered":"http:\/\/www.regul-elec.fr\/?page_id=628"},"modified":"2019-04-01T10:51:49","modified_gmt":"2019-04-01T08:51:49","slug":"armoires-et-coffrets-19","status":"publish","type":"page","link":"https:\/\/www.regul-elec.fr\/index.php\/armoires-et-coffrets-19\/","title":{"rendered":"Armoires et coffrets 19\u201d"},"content":{"rendered":"<div data-label=\"About\" data-id=\"about--1\" data-export-id=\"about-9\" data-category=\"about\" class=\"about-9 content-section content-section-spacing\" id=\"about-1\"  style=\"background-color: rgb(255, 255, 255);\"><div class=\"gridContainer\" > <div class=\"row middle-sm text-center\" ><div class=\"col-sm-5 space-bottom-xs content-column content-right-sm\" data-type=\"column\" >   <p class=\"\" >Nous vous proposons des solutions pour regrouper vos \u00e9quipements informatiques, vos syst\u00e8mes de t\u00e9l\u00e9communication et autres appareils dans une enceinte compacte et s\u00e9curis\u00e9e.<br >\nPour vos \u00e9quipements sensibles nous avons des baies climatis\u00e9es autonomes et des micro datacenters.<br >\nCoffrets 19\u201d de 6 \u00e0 22U<br >\nProfondeur de 450 \u00e0 600 mm<br >\nInstallation facile<br >\nArmoires rack 19\u201d de 18 \u00e0 47U<br >\nProfondeur 600 \u00e0 1200 mm<br >\nLargeur 600 \u00e0 800 mm<br >\nPour un diagnostic gratuit et de plus amples informations, contactez-nous par e-mail, contact@regul-elec.fr, ou par t\u00e9l\u00e9phone au 09 62 61 58 17.<\/p> <\/div> <div class=\"col-sm-7 flexbox flexbox middle-xs center-xs space-bottom-xs\" ><div class=\"overlay-box flexbox middle-xs center-xs overlay-holder \" > <div class=\"overlay-box-offset offset-background shadow-medium bg-color2 hide-xs\" ><\/div> <img decoding=\"async\" class=\"flexbox shadow-large img1\" src=\"http:\/\/www.regul-elec.fr\/wp-content\/uploads\/2019\/04\/cropped-937-RCF6045-09N-PV_400-1.png\" data-size=\"600x400\"  alt=\"\" title=\"cropped-937-RCF6045-09N-PV_400-1.png\"><\/div> <\/div><\/div> <\/div><\/div>","protected":false},"excerpt":{"rendered":"<p>Nous vous proposons des solutions pour regrouper vos \u00e9quipements informatiques, vos syst\u00e8mes de t\u00e9l\u00e9communication et autres appareils dans une enceinte compacte et s\u00e9curis\u00e9e. Pour vos \u00e9quipements sensibles nous avons des baies climatis\u00e9es autonomes et des micro datacenters. Coffrets 19\u201d de 6 \u00e0 22U Profondeur de 450 \u00e0 600 mm Installation facile Armoires rack 19\u201d de&hellip; <br \/> <a class=\"read-more\" href=\"https:\/\/www.regul-elec.fr\/index.php\/armoires-et-coffrets-19\/\">Lire la suite<\/a><\/p>\n","protected":false},"author":1,"featured_media":0,"parent":0,"menu_order":0,"comment_status":"closed","ping_status":"closed","template":"pro\/page-templates\/full-width-page.php","meta":{"om_disable_all_campaigns":false,"_monsterinsights_skip_tracking":false,"_monsterinsights_sitenote_active":false,"_monsterinsights_sitenote_note":"","_monsterinsights_sitenote_category":0,"footnotes":""},"class_list":["post-628","page","type-page","status-publish","hentry"],"aioseo_notices":[],"_links":{"self":[{"href":"https:\/\/www.regul-elec.fr\/index.php\/wp-json\/wp\/v2\/pages\/628","targetHints":{"allow":["GET"]}}],"collection":[{"href":"https:\/\/www.regul-elec.fr\/index.php\/wp-json\/wp\/v2\/pages"}],"about":[{"href":"https:\/\/www.regul-elec.fr\/index.php\/wp-json\/wp\/v2\/types\/page"}],"author":[{"embeddable":true,"href":"https:\/\/www.regul-elec.fr\/index.php\/wp-json\/wp\/v2\/users\/1"}],"replies":[{"embeddable":true,"href":"https:\/\/www.regul-elec.fr\/index.php\/wp-json\/wp\/v2\/comments?post=628"}],"version-history":[{"count":2,"href":"https:\/\/www.regul-elec.fr\/index.php\/wp-json\/wp\/v2\/pages\/628\/revisions"}],"predecessor-version":[{"id":633,"href":"https:\/\/www.regul-elec.fr\/index.php\/wp-json\/wp\/v2\/pages\/628\/revisions\/633"}],"wp:attachment":[{"href":"https:\/\/www.regul-elec.fr\/index.php\/wp-json\/wp\/v2\/media?parent=628"}],"curies":[{"name":"wp","href":"https:\/\/api.w.org\/{rel}","templated":true}]}}