{"id":616,"date":"2019-04-01T10:42:42","date_gmt":"2019-04-01T08:42:42","guid":{"rendered":"http:\/\/www.regul-elec.fr\/?page_id=616"},"modified":"2019-04-01T10:44:47","modified_gmt":"2019-04-01T08:44:47","slug":"pdu-distribution-dalimentation","status":"publish","type":"page","link":"https:\/\/www.regul-elec.fr\/index.php\/pdu-distribution-dalimentation\/","title":{"rendered":"PDU (distribution d\u2019alimentation)"},"content":{"rendered":"<div data-label=\"About\" data-id=\"about--1\" data-export-id=\"about-9\" data-category=\"about\" class=\"about-9 content-section content-section-spacing\" id=\"about-1\"  style=\"background-color: rgb(255, 255, 255);\"><div class=\"gridContainer\" > <div class=\"row middle-sm text-center\" ><div class=\"col-sm-5 space-bottom-xs content-column content-right-sm\" data-type=\"column\" >   <p class=\"\" >Afin d\u2019optimiser la gestion de l\u2019alimentation de vos \u00e9quipements nous proposons des bandeaux de prises, PDU (Power Distribution Unit), rackables (format 19\u201d) ou \u00e0 montage vertical dans les baies informatiques.<br >\nAvec les mod\u00e8les \u201freport\u00e9s\u201d vous visualisez en local ou \u00e0 distance (selon mod\u00e8les) la puissance consomm\u00e9e, par prise ou globale (selon mod\u00e8les).<br >\nAvec les mod\u00e8les contr\u00f4l\u00e9s vous pouvez activer ou d\u00e9sactiver chaque prise permettant ainsi le reboot \u00e0 distance d\u2019un \u00e9quipement.<br >\nDe 16 \u00e0 32 A.<br >\n\u2022Type de prise de sortie au choix<br >\n\u2022Positionnement vertical ou horizontal<br >\n\u2022Alarme sonore en local<br >\n\u2022Report d&rsquo;alarme par technologie IP<br >\n\u2022Disjoncteur de protection<br >\n\u2022Double entr\u00e9e selon mod\u00e8le<br >\n\u2022Option sonde de temp\u00e9rature et humidit\u00e9 pour certains mod\u00e8les<br >\n\u2022Cha\u00eenage possible pour certains mod\u00e8les<br >\n\u2022Contr\u00f4le on\/off par prise de sortie selon les mod\u00e8les<br >\nPour un diagnostic gratuit et de plus amples informations, contactez-nous par e-mail, contact@regul-elec.fr, ou par t\u00e9l\u00e9phone au 09 62 61 58 17.<\/p> <\/div> <div class=\"col-sm-7 flexbox flexbox middle-xs center-xs space-bottom-xs\" ><div class=\"overlay-box flexbox middle-xs center-xs overlay-holder \" > <div class=\"overlay-box-offset offset-background shadow-medium bg-color2 hide-xs\" ><\/div> <img decoding=\"async\" class=\"flexbox shadow-large img1\" src=\"http:\/\/www.regul-elec.fr\/wp-content\/uploads\/2019\/04\/cropped-PDU-1.jpg\" data-size=\"600x400\"  alt=\"\" title=\"cropped-PDU-1.jpg\"><\/div> <\/div><\/div> <\/div><\/div>","protected":false},"excerpt":{"rendered":"<p>Afin d\u2019optimiser la gestion de l\u2019alimentation de vos \u00e9quipements nous proposons des bandeaux de prises, PDU (Power Distribution Unit), rackables (format 19\u201d) ou \u00e0 montage vertical dans les baies informatiques. Avec les mod\u00e8les \u201freport\u00e9s\u201d vous visualisez en local ou \u00e0 distance (selon mod\u00e8les) la puissance consomm\u00e9e, par prise ou globale (selon mod\u00e8les). Avec les mod\u00e8les&hellip; <br \/> <a class=\"read-more\" href=\"https:\/\/www.regul-elec.fr\/index.php\/pdu-distribution-dalimentation\/\">Lire la suite<\/a><\/p>\n","protected":false},"author":1,"featured_media":0,"parent":0,"menu_order":0,"comment_status":"closed","ping_status":"closed","template":"pro\/page-templates\/full-width-page.php","meta":{"om_disable_all_campaigns":false,"_monsterinsights_skip_tracking":false,"_monsterinsights_sitenote_active":false,"_monsterinsights_sitenote_note":"","_monsterinsights_sitenote_category":0,"footnotes":""},"class_list":["post-616","page","type-page","status-publish","hentry"],"aioseo_notices":[],"_links":{"self":[{"href":"https:\/\/www.regul-elec.fr\/index.php\/wp-json\/wp\/v2\/pages\/616","targetHints":{"allow":["GET"]}}],"collection":[{"href":"https:\/\/www.regul-elec.fr\/index.php\/wp-json\/wp\/v2\/pages"}],"about":[{"href":"https:\/\/www.regul-elec.fr\/index.php\/wp-json\/wp\/v2\/types\/page"}],"author":[{"embeddable":true,"href":"https:\/\/www.regul-elec.fr\/index.php\/wp-json\/wp\/v2\/users\/1"}],"replies":[{"embeddable":true,"href":"https:\/\/www.regul-elec.fr\/index.php\/wp-json\/wp\/v2\/comments?post=616"}],"version-history":[{"count":2,"href":"https:\/\/www.regul-elec.fr\/index.php\/wp-json\/wp\/v2\/pages\/616\/revisions"}],"predecessor-version":[{"id":621,"href":"https:\/\/www.regul-elec.fr\/index.php\/wp-json\/wp\/v2\/pages\/616\/revisions\/621"}],"wp:attachment":[{"href":"https:\/\/www.regul-elec.fr\/index.php\/wp-json\/wp\/v2\/media?parent=616"}],"curies":[{"name":"wp","href":"https:\/\/api.w.org\/{rel}","templated":true}]}}