{"id":610,"date":"2019-04-01T10:40:18","date_gmt":"2019-04-01T08:40:18","guid":{"rendered":"http:\/\/www.regul-elec.fr\/?page_id=610"},"modified":"2019-11-25T16:31:15","modified_gmt":"2019-11-25T15:31:15","slug":"ats-sts-redondance-dalimentation-2","status":"publish","type":"page","link":"https:\/\/www.regul-elec.fr\/index.php\/ats-sts-redondance-dalimentation-2\/","title":{"rendered":"ATS-STS (redondance d\u2019alimentation)"},"content":{"rendered":"<div  data-label=\"About\" data-id=\"about--1\" data-export-id=\"about-9\" data-category=\"about\" class=\"about-9 content-section content-section-spacing\" id=\"about-1\" style=\"background-color: rgb(255, 255, 255);\"><div  class=\"gridContainer\"> <div  class=\"row middle-sm text-center\"><div  class=\"col-sm-5 space-bottom-xs content-column content-right-sm\" data-type=\"column\">   <p  class=\"\">Vos \u00e9quipements qui ne poss\u00e8dent qu\u2019une alimentation \u00e9lectrique sont tr\u00e8s vuln\u00e9rables. En cas d\u2019avarie de la ligne d\u2019alimentation (source, disjoncteur, c\u00e2ble, \u2026) vos appareils sont stopp\u00e9s.<br >\nL\u2019ATS (Automatic Transfer Switch) permet d\u2019alimenter vos \u00e9quipements \u00e0 partir de l\u2019une des deux sources distinctes qu\u2019il re\u00e7oit. L\u2019alimentation de vos \u00e9quipements est ainsi fortement fiabilis\u00e9e.<br >\nLes deux sources sont totalement ind\u00e9pendantes. L\u2019une peut provenir d\u2019un onduleur et l\u2019autre du r\u00e9seau brut ou d\u2019un groupe \u00e9lectrog\u00e8ne par exemple.<br >\nL\u2019une des deux sources est prioritaire.<br >\nEn cas de d\u00e9faillance de la source prioritaire, l\u2019ATS commute sur la source secondaire pour alimenter vos \u00e9quipements.<br >\nTemps de transfert &lt; 12 ms<br >\n16 ou 32 A monophas\u00e9<br >\nLe STS (Static Transfer Switch), comme l\u2019ATS, permet de fournir une alimentation redondante aux \u00e9quipements mono-alimentation.<br >\nTemps de transfert &lt; 4 ms sources synchronis\u00e9es ( &lt; 10ms sources non synchronis\u00e9es)<br >\nDe 50 \u00e0 800 A triphas\u00e9<br >\nPour un diagnostic gratuit et de plus amples informations, contactez-nous par e-mail, contact@regul-elec.fr, ou par t\u00e9l\u00e9phone au 09 62 61 58 17.<\/p> <\/div> <div  class=\"col-sm-7 flexbox flexbox middle-xs center-xs space-bottom-xs\"><div  class=\"overlay-box flexbox middle-xs center-xs overlay-holder \"> <div  class=\"overlay-box-offset offset-background shadow-medium bg-color2 hide-xs\"><\/div> <img decoding=\"async\"  class=\"flexbox shadow-large img1\" src=\"http:\/\/www.regul-elec.fr\/wp-content\/uploads\/2019\/04\/cropped-gamme_STS-400-1.png\" data-size=\"600x400\" alt=\"\" title=\"cropped-gamme_STS-400-1.png\"><\/div> <\/div><\/div> <\/div><\/div>","protected":false},"excerpt":{"rendered":"<p>Vos \u00e9quipements qui ne poss\u00e8dent qu\u2019une alimentation \u00e9lectrique sont tr\u00e8s vuln\u00e9rables. En cas d\u2019avarie de la ligne d\u2019alimentation (source, disjoncteur, c\u00e2ble, \u2026) vos appareils sont stopp\u00e9s. L\u2019ATS (Automatic Transfer Switch) permet d\u2019alimenter vos \u00e9quipements \u00e0 partir de l\u2019une des deux sources distinctes qu\u2019il re\u00e7oit. L\u2019alimentation de vos \u00e9quipements est ainsi fortement fiabilis\u00e9e. Les deux sources&hellip; <br \/> <a class=\"read-more\" href=\"https:\/\/www.regul-elec.fr\/index.php\/ats-sts-redondance-dalimentation-2\/\">Lire la suite<\/a><\/p>\n","protected":false},"author":1,"featured_media":0,"parent":0,"menu_order":0,"comment_status":"closed","ping_status":"closed","template":"pro\/page-templates\/full-width-page.php","meta":{"om_disable_all_campaigns":false,"_monsterinsights_skip_tracking":false,"_monsterinsights_sitenote_active":false,"_monsterinsights_sitenote_note":"","_monsterinsights_sitenote_category":0,"footnotes":""},"class_list":["post-610","page","type-page","status-publish","hentry"],"aioseo_notices":[],"_links":{"self":[{"href":"https:\/\/www.regul-elec.fr\/index.php\/wp-json\/wp\/v2\/pages\/610","targetHints":{"allow":["GET"]}}],"collection":[{"href":"https:\/\/www.regul-elec.fr\/index.php\/wp-json\/wp\/v2\/pages"}],"about":[{"href":"https:\/\/www.regul-elec.fr\/index.php\/wp-json\/wp\/v2\/types\/page"}],"author":[{"embeddable":true,"href":"https:\/\/www.regul-elec.fr\/index.php\/wp-json\/wp\/v2\/users\/1"}],"replies":[{"embeddable":true,"href":"https:\/\/www.regul-elec.fr\/index.php\/wp-json\/wp\/v2\/comments?post=610"}],"version-history":[{"count":3,"href":"https:\/\/www.regul-elec.fr\/index.php\/wp-json\/wp\/v2\/pages\/610\/revisions"}],"predecessor-version":[{"id":689,"href":"https:\/\/www.regul-elec.fr\/index.php\/wp-json\/wp\/v2\/pages\/610\/revisions\/689"}],"wp:attachment":[{"href":"https:\/\/www.regul-elec.fr\/index.php\/wp-json\/wp\/v2\/media?parent=610"}],"curies":[{"name":"wp","href":"https:\/\/api.w.org\/{rel}","templated":true}]}}