{"id":604,"date":"2019-04-01T10:37:58","date_gmt":"2019-04-01T08:37:58","guid":{"rendered":"http:\/\/www.regul-elec.fr\/?page_id=604"},"modified":"2019-11-25T16:29:46","modified_gmt":"2019-11-25T15:29:46","slug":"extinction-incendie-locaux-informatiques-armoires-electriques-2","status":"publish","type":"page","link":"https:\/\/www.regul-elec.fr\/index.php\/extinction-incendie-locaux-informatiques-armoires-electriques-2\/","title":{"rendered":"Extinction incendie (locaux informatiques, armoires \u00e9lectriques, \u2026)"},"content":{"rendered":"<div  data-label=\"About\" data-id=\"about--1\" data-export-id=\"about-9\" data-category=\"about\" class=\"about-9 content-section content-section-spacing\" id=\"about-1\" style=\"background-color: rgb(255, 255, 255);\"><div  class=\"gridContainer\"> <div  class=\"row middle-sm text-center\"><div  class=\"col-sm-5 space-bottom-xs content-column content-right-sm\" data-type=\"column\">   <p  class=\"\">Pour la d\u00e9tection et l\u2019extinction incendie pour micro, datacenter et armoires \u00e9lectriques, nous avons des solutions simples, fiables et sans maintenance.<br >\nAucune incidence, en cas de d\u00e9clenchement suite \u00e0 un incendie, pour les \u00e9quipements environnants.<br >\nLe Power_extFire est totalement autonome. L\u2019ampoule d\u00e9clencheur du Power_extFire d\u00e9clenche la lib\u00e9ration des d\u00e9riv\u00e9s de potassium contenus dans l\u2019a\u00e9rosol et \u00e9teint l\u2019incendie en cas de d\u00e9passement de la temp\u00e9rature de consigne donn\u00e9e par l\u2019ampoule.<br >\nIl n\u2019y a aucun \u00e9l\u00e9ment \u00e9lectrique dans l\u2019ampoule et dans l\u2019a\u00e9rosol.<br >\nLes points forts<br >\n\u2022\tSimple \u00e0 mettre en place<br >\n\u2022\tExiste en solution compl\u00e9tement autonome<br >\n\u2022\tPeut \u00eatre install\u00e9 au plus pr\u00e8s des zones (ou \u00e9quipements) o\u00f9 il y a risque d\u2019incendie<br >\n\u2022\tNon dangereux pour l\u2019homme<br >\n\u2022\tAucune pollution<br >\n\u2022\tSeul l\u2019\u00e9quipement \u00e0 l\u2019origine de l\u2019incendie est arr\u00eat\u00e9<br >\n\u2022\tS\u2019adapte \u00e0 tout type d\u2019environnement<br >\n\u2022\tFiable et \u00e9prouv\u00e9<br >\n\u2022\tDur\u00e9e de vie : 10 ans<br >\n\u2022\tAucune maintenance<br >\nPour un diagnostic gratuit et de plus amples informations, contactez-nous par e-mail, contact@regul-elec.fr, ou par t\u00e9l\u00e9phone au 09 62 61 58 17.<\/p> <\/div> <div  class=\"col-sm-7 flexbox flexbox middle-xs center-xs space-bottom-xs\"><div  class=\"overlay-box flexbox middle-xs center-xs overlay-holder \"> <div  class=\"overlay-box-offset offset-background shadow-medium bg-color2 hide-xs\"><\/div> <img decoding=\"async\"  class=\"flexbox shadow-large img1\" src=\"http:\/\/www.regul-elec.fr\/wp-content\/uploads\/2019\/01\/cropped-POWER_extFire-autonome-e1546608286465-1.jpg\" data-size=\"600x400\" alt=\"\" title=\"cropped-POWER_extFire-autonome-e1546608286465-1.jpg\"><\/div> <\/div><\/div> <\/div><\/div>","protected":false},"excerpt":{"rendered":"<p>Pour la d\u00e9tection et l\u2019extinction incendie pour micro, datacenter et armoires \u00e9lectriques, nous avons des solutions simples, fiables et sans maintenance. Aucune incidence, en cas de d\u00e9clenchement suite \u00e0 un incendie, pour les \u00e9quipements environnants. Le Power_extFire est totalement autonome. L\u2019ampoule d\u00e9clencheur du Power_extFire d\u00e9clenche la lib\u00e9ration des d\u00e9riv\u00e9s de potassium contenus dans l\u2019a\u00e9rosol et&hellip; <br \/> <a class=\"read-more\" href=\"https:\/\/www.regul-elec.fr\/index.php\/extinction-incendie-locaux-informatiques-armoires-electriques-2\/\">Lire la suite<\/a><\/p>\n","protected":false},"author":1,"featured_media":0,"parent":0,"menu_order":0,"comment_status":"closed","ping_status":"closed","template":"pro\/page-templates\/full-width-page.php","meta":{"om_disable_all_campaigns":false,"_monsterinsights_skip_tracking":false,"_monsterinsights_sitenote_active":false,"_monsterinsights_sitenote_note":"","_monsterinsights_sitenote_category":0,"footnotes":""},"class_list":["post-604","page","type-page","status-publish","hentry"],"aioseo_notices":[],"_links":{"self":[{"href":"https:\/\/www.regul-elec.fr\/index.php\/wp-json\/wp\/v2\/pages\/604","targetHints":{"allow":["GET"]}}],"collection":[{"href":"https:\/\/www.regul-elec.fr\/index.php\/wp-json\/wp\/v2\/pages"}],"about":[{"href":"https:\/\/www.regul-elec.fr\/index.php\/wp-json\/wp\/v2\/types\/page"}],"author":[{"embeddable":true,"href":"https:\/\/www.regul-elec.fr\/index.php\/wp-json\/wp\/v2\/users\/1"}],"replies":[{"embeddable":true,"href":"https:\/\/www.regul-elec.fr\/index.php\/wp-json\/wp\/v2\/comments?post=604"}],"version-history":[{"count":3,"href":"https:\/\/www.regul-elec.fr\/index.php\/wp-json\/wp\/v2\/pages\/604\/revisions"}],"predecessor-version":[{"id":687,"href":"https:\/\/www.regul-elec.fr\/index.php\/wp-json\/wp\/v2\/pages\/604\/revisions\/687"}],"wp:attachment":[{"href":"https:\/\/www.regul-elec.fr\/index.php\/wp-json\/wp\/v2\/media?parent=604"}],"curies":[{"name":"wp","href":"https:\/\/api.w.org\/{rel}","templated":true}]}}