{"id":598,"date":"2019-04-01T10:33:42","date_gmt":"2019-04-01T08:33:42","guid":{"rendered":"http:\/\/www.regul-elec.fr\/?page_id=598"},"modified":"2019-11-25T16:27:37","modified_gmt":"2019-11-25T15:27:37","slug":"alimentations-electrique-de-securite-2","status":"publish","type":"page","link":"https:\/\/www.regul-elec.fr\/index.php\/alimentations-electrique-de-securite-2\/","title":{"rendered":"Alimentations \u00c9lectriques de S\u00e9curit\u00e9"},"content":{"rendered":"<div  data-label=\"About\" data-id=\"about--1\" data-export-id=\"about-9\" data-category=\"about\" class=\"about-9 content-section content-section-spacing\" id=\"about-1\" style=\"background-color: rgb(255, 255, 255);\"><div  class=\"gridContainer\"> <div  class=\"row middle-sm text-center\"><div  class=\"col-sm-5 space-bottom-xs content-column content-right-sm\" data-type=\"column\">   <p  class=\"\">Eclairage de s\u00e9curit\u00e9, d\u00e9tection incendie, d\u00e9senfumage, \u00e9vacuation, tous vos syst\u00e8mes de s\u00e9curit\u00e9 n\u00e9cessitent une Alimentation \u00c9lectrique de S\u00e9curit\u00e9 (AES) conforme aux normes en vigueur.<br >\nNos AES sont conformes aux normes EN 50 171, NF C 71815, NFS61-940, EN 62040 ; EN 60950 ; EN 61000, ISO 9001 (qualit\u00e9) et ISO 14001 pour l\u2019environnement.<br >\nDe 1 \u00e0 200 kVA, monophas\u00e9 ou triphas\u00e9<br >\nTechnologie on-line double conversion<br >\nAutonomie 60 minutes apr\u00e8s 4 ans conform\u00e9ment \u00e0 la norme<br >\nBatteries dur\u00e9e de vie 10 ans<br >\nRS 232 et contacts secs<br >\nAdaptateur WEB\/SNMP en option\n<br ><br ><br >\nPour un diagnostic gratuit et de plus amples informations, contactez-nous par e-mail, contact@regul-elec.fr, ou par t\u00e9l\u00e9phone au 09 62 61 58 17.<\/p> <\/div> <div  class=\"col-sm-7 flexbox flexbox middle-xs center-xs space-bottom-xs\"><div  class=\"overlay-box flexbox middle-xs center-xs overlay-holder \"> <div  class=\"overlay-box-offset offset-background shadow-medium bg-color2 hide-xs\"><\/div> <img decoding=\"async\"  class=\"flexbox shadow-large img1\" src=\"http:\/\/www.regul-elec.fr\/wp-content\/uploads\/2019\/04\/cropped-POWER_2S-TW-400-1.png\" data-size=\"600x400\" alt=\"\" title=\"cropped-POWER_2S-TW-400-1.png\"><\/div> <\/div><\/div> <\/div><\/div>","protected":false},"excerpt":{"rendered":"<p>Eclairage de s\u00e9curit\u00e9, d\u00e9tection incendie, d\u00e9senfumage, \u00e9vacuation, tous vos syst\u00e8mes de s\u00e9curit\u00e9 n\u00e9cessitent une Alimentation \u00c9lectrique de S\u00e9curit\u00e9 (AES) conforme aux normes en vigueur. Nos AES sont conformes aux normes EN 50 171, NF C 71815, NFS61-940, EN 62040 ; EN 60950 ; EN 61000, ISO 9001 (qualit\u00e9) et ISO 14001 pour l\u2019environnement. De 1&hellip; <br \/> <a class=\"read-more\" href=\"https:\/\/www.regul-elec.fr\/index.php\/alimentations-electrique-de-securite-2\/\">Lire la suite<\/a><\/p>\n","protected":false},"author":1,"featured_media":0,"parent":0,"menu_order":0,"comment_status":"closed","ping_status":"closed","template":"pro\/page-templates\/full-width-page.php","meta":{"om_disable_all_campaigns":false,"_monsterinsights_skip_tracking":false,"_monsterinsights_sitenote_active":false,"_monsterinsights_sitenote_note":"","_monsterinsights_sitenote_category":0,"footnotes":""},"class_list":["post-598","page","type-page","status-publish","hentry"],"aioseo_notices":[],"_links":{"self":[{"href":"https:\/\/www.regul-elec.fr\/index.php\/wp-json\/wp\/v2\/pages\/598","targetHints":{"allow":["GET"]}}],"collection":[{"href":"https:\/\/www.regul-elec.fr\/index.php\/wp-json\/wp\/v2\/pages"}],"about":[{"href":"https:\/\/www.regul-elec.fr\/index.php\/wp-json\/wp\/v2\/types\/page"}],"author":[{"embeddable":true,"href":"https:\/\/www.regul-elec.fr\/index.php\/wp-json\/wp\/v2\/users\/1"}],"replies":[{"embeddable":true,"href":"https:\/\/www.regul-elec.fr\/index.php\/wp-json\/wp\/v2\/comments?post=598"}],"version-history":[{"count":4,"href":"https:\/\/www.regul-elec.fr\/index.php\/wp-json\/wp\/v2\/pages\/598\/revisions"}],"predecessor-version":[{"id":685,"href":"https:\/\/www.regul-elec.fr\/index.php\/wp-json\/wp\/v2\/pages\/598\/revisions\/685"}],"wp:attachment":[{"href":"https:\/\/www.regul-elec.fr\/index.php\/wp-json\/wp\/v2\/media?parent=598"}],"curies":[{"name":"wp","href":"https:\/\/api.w.org\/{rel}","templated":true}]}}