{"id":592,"date":"2019-04-01T10:30:32","date_gmt":"2019-04-01T08:30:32","guid":{"rendered":"http:\/\/www.regul-elec.fr\/?page_id=592"},"modified":"2019-04-01T10:33:15","modified_gmt":"2019-04-01T08:33:15","slug":"onduleurs","status":"publish","type":"page","link":"https:\/\/www.regul-elec.fr\/index.php\/onduleurs\/","title":{"rendered":"Onduleurs"},"content":{"rendered":"<div data-label=\"About\" data-id=\"about--1\" data-export-id=\"about-9\" data-category=\"about\" class=\"about-9 content-section content-section-spacing\" id=\"about-1\"  style=\"background-color: rgb(255, 255, 255);\"><div class=\"gridContainer\" > <div class=\"row middle-sm text-center\" ><div class=\"col-sm-5 space-bottom-xs content-column content-right-sm\" data-type=\"column\" >   <p class=\"\" >Pour prot\u00e9ger un poste de travail ou une salle informatique, nous avons la solution pour r\u00e9pondre \u00e0 vos besoins.<br >\nPartenaire des plus grands constructeurs notre gamme d\u2019onduleurs s\u2019adapte \u00e0 vos exigences.<br >\nPlug and play, de technologie in-line ou on-line jusqu\u2019\u00e0 3kVA pour vos applications bureautiques.<br >\nTour ou rack, de technologie on-line double conversion, de 700 VA \u00e0 plusieurs centaines de kVA, ils sont parfaitement adapt\u00e9s \u00e0 la protection de vos serveurs et de vos \u00e9quipements de t\u00e9l\u00e9communication.<br >\nModulaires et \u00e9volutifs, de technologie on-line double conversion, ils prot\u00e8geront vos syst\u00e8mes les plus sensibles et suivront la croissance de votre entreprise et l\u2019\u00e9volution de vos \u00e9quipements<br >\nLeur interface de communication standard vous assurera l\u2019arr\u00eat propre et ordonn\u00e9 de vos syst\u00e8mes informatiques.<br >\nLes multiples options vous permettront une parfaite int\u00e9gration avec votre GTC et tous vos syst\u00e8mes de supervision (mail, SMS, Modbus, \u2026)<br >\nPour un diagnostic gratuit et de plus amples informations, contactez-nous par e-mail, contact@regul-elec.fr, ou par t\u00e9l\u00e9phone au 09 62 61 58 17.<\/p> <\/div> <div class=\"col-sm-7 flexbox flexbox middle-xs center-xs space-bottom-xs\" ><div class=\"overlay-box flexbox middle-xs center-xs overlay-holder \" > <div class=\"overlay-box-offset offset-background shadow-medium bg-color2 hide-xs\" ><\/div> <img decoding=\"async\" class=\"flexbox shadow-large img1\" src=\"http:\/\/www.regul-elec.fr\/wp-content\/uploads\/2018\/11\/cropped-Powerware_Mge_Family_02_08-6.jpg\" data-size=\"600x400\"  alt=\"\" title=\"cropped-Powerware_Mge_Family_02_08-6.jpg\"><\/div> <\/div><\/div> <\/div><\/div>","protected":false},"excerpt":{"rendered":"<p>Pour prot\u00e9ger un poste de travail ou une salle informatique, nous avons la solution pour r\u00e9pondre \u00e0 vos besoins. Partenaire des plus grands constructeurs notre gamme d\u2019onduleurs s\u2019adapte \u00e0 vos exigences. Plug and play, de technologie in-line ou on-line jusqu\u2019\u00e0 3kVA pour vos applications bureautiques. Tour ou rack, de technologie on-line double conversion, de 700&hellip; <br \/> <a class=\"read-more\" href=\"https:\/\/www.regul-elec.fr\/index.php\/onduleurs\/\">Lire la suite<\/a><\/p>\n","protected":false},"author":1,"featured_media":0,"parent":0,"menu_order":0,"comment_status":"closed","ping_status":"closed","template":"pro\/page-templates\/full-width-page.php","meta":{"om_disable_all_campaigns":false,"_monsterinsights_skip_tracking":false,"_monsterinsights_sitenote_active":false,"_monsterinsights_sitenote_note":"","_monsterinsights_sitenote_category":0,"footnotes":""},"class_list":["post-592","page","type-page","status-publish","hentry"],"aioseo_notices":[],"_links":{"self":[{"href":"https:\/\/www.regul-elec.fr\/index.php\/wp-json\/wp\/v2\/pages\/592","targetHints":{"allow":["GET"]}}],"collection":[{"href":"https:\/\/www.regul-elec.fr\/index.php\/wp-json\/wp\/v2\/pages"}],"about":[{"href":"https:\/\/www.regul-elec.fr\/index.php\/wp-json\/wp\/v2\/types\/page"}],"author":[{"embeddable":true,"href":"https:\/\/www.regul-elec.fr\/index.php\/wp-json\/wp\/v2\/users\/1"}],"replies":[{"embeddable":true,"href":"https:\/\/www.regul-elec.fr\/index.php\/wp-json\/wp\/v2\/comments?post=592"}],"version-history":[{"count":2,"href":"https:\/\/www.regul-elec.fr\/index.php\/wp-json\/wp\/v2\/pages\/592\/revisions"}],"predecessor-version":[{"id":597,"href":"https:\/\/www.regul-elec.fr\/index.php\/wp-json\/wp\/v2\/pages\/592\/revisions\/597"}],"wp:attachment":[{"href":"https:\/\/www.regul-elec.fr\/index.php\/wp-json\/wp\/v2\/media?parent=592"}],"curies":[{"name":"wp","href":"https:\/\/api.w.org\/{rel}","templated":true}]}}