{"id":586,"date":"2019-04-01T10:28:23","date_gmt":"2019-04-01T08:28:23","guid":{"rendered":"http:\/\/www.regul-elec.fr\/?page_id=586"},"modified":"2019-04-01T10:30:14","modified_gmt":"2019-04-01T08:30:14","slug":"alternateur-sur-prise-de-force","status":"publish","type":"page","link":"https:\/\/www.regul-elec.fr\/index.php\/alternateur-sur-prise-de-force\/","title":{"rendered":"Alternateur sur prise de force"},"content":{"rendered":"<div data-label=\"About\" data-id=\"about--1\" data-export-id=\"about-9\" data-category=\"about\" class=\"about-9 content-section content-section-spacing\" id=\"about-1\"  style=\"background-color: rgb(255, 255, 255);\"><div class=\"gridContainer\" > <div class=\"row middle-sm text-center\" ><div class=\"col-sm-5 space-bottom-xs content-column content-right-sm\" data-type=\"column\" >   <p class=\"\" >Pour une source d\u2019alimentation \u00e9lectrique de secours au meilleur co\u00fbt, si vous poss\u00e9dez un tracteur, l\u2019alternateur sur prise de force est une solution int\u00e9ressante.<br >\nMonophas\u00e9 ou triphas\u00e9s + N<br >\nDe 10 \u00e0 130 kVA<br >\nSimple d\u2019utilisation, transportable, robuste et peu encombrant<br >\nSans entretien de moteur\n<br ><br ><br >\nPour un diagnostic gratuit et de plus amples informations, contactez-nous par e-mail, contact@regul-elec.fr, ou par t\u00e9l\u00e9phone au 09 62 61 58 17.<\/p> <\/div> <div class=\"col-sm-7 flexbox flexbox middle-xs center-xs space-bottom-xs\" ><div class=\"overlay-box flexbox middle-xs center-xs overlay-holder \" > <div class=\"overlay-box-offset offset-background shadow-medium bg-color2 hide-xs\" ><\/div> <img decoding=\"async\" class=\"flexbox shadow-large img1\" src=\"http:\/\/www.regul-elec.fr\/wp-content\/uploads\/2019\/04\/cropped-slider-tft-genelec-76l59e-1.jpg\" data-size=\"600x400\"  alt=\"\" title=\"cropped-slider-tft-genelec-76l59e-1.jpg\"><\/div> <\/div><\/div> <\/div><\/div>","protected":false},"excerpt":{"rendered":"<p>Pour une source d\u2019alimentation \u00e9lectrique de secours au meilleur co\u00fbt, si vous poss\u00e9dez un tracteur, l\u2019alternateur sur prise de force est une solution int\u00e9ressante. Monophas\u00e9 ou triphas\u00e9s + N De 10 \u00e0 130 kVA Simple d\u2019utilisation, transportable, robuste et peu encombrant Sans entretien de moteur Pour un diagnostic gratuit et de plus amples informations, contactez-nous&hellip; <br \/> <a class=\"read-more\" href=\"https:\/\/www.regul-elec.fr\/index.php\/alternateur-sur-prise-de-force\/\">Lire la suite<\/a><\/p>\n","protected":false},"author":1,"featured_media":0,"parent":0,"menu_order":0,"comment_status":"closed","ping_status":"closed","template":"pro\/page-templates\/full-width-page.php","meta":{"om_disable_all_campaigns":false,"_monsterinsights_skip_tracking":false,"_monsterinsights_sitenote_active":false,"_monsterinsights_sitenote_note":"","_monsterinsights_sitenote_category":0,"footnotes":""},"class_list":["post-586","page","type-page","status-publish","hentry"],"aioseo_notices":[],"_links":{"self":[{"href":"https:\/\/www.regul-elec.fr\/index.php\/wp-json\/wp\/v2\/pages\/586","targetHints":{"allow":["GET"]}}],"collection":[{"href":"https:\/\/www.regul-elec.fr\/index.php\/wp-json\/wp\/v2\/pages"}],"about":[{"href":"https:\/\/www.regul-elec.fr\/index.php\/wp-json\/wp\/v2\/types\/page"}],"author":[{"embeddable":true,"href":"https:\/\/www.regul-elec.fr\/index.php\/wp-json\/wp\/v2\/users\/1"}],"replies":[{"embeddable":true,"href":"https:\/\/www.regul-elec.fr\/index.php\/wp-json\/wp\/v2\/comments?post=586"}],"version-history":[{"count":2,"href":"https:\/\/www.regul-elec.fr\/index.php\/wp-json\/wp\/v2\/pages\/586\/revisions"}],"predecessor-version":[{"id":591,"href":"https:\/\/www.regul-elec.fr\/index.php\/wp-json\/wp\/v2\/pages\/586\/revisions\/591"}],"wp:attachment":[{"href":"https:\/\/www.regul-elec.fr\/index.php\/wp-json\/wp\/v2\/media?parent=586"}],"curies":[{"name":"wp","href":"https:\/\/api.w.org\/{rel}","templated":true}]}}