{"id":580,"date":"2019-04-01T10:25:45","date_gmt":"2019-04-01T08:25:45","guid":{"rendered":"http:\/\/www.regul-elec.fr\/?page_id=580"},"modified":"2024-10-23T16:57:27","modified_gmt":"2024-10-23T14:57:27","slug":"groupes-electrogenes-2","status":"publish","type":"page","link":"https:\/\/www.regul-elec.fr\/index.php\/groupes-electrogenes-2\/","title":{"rendered":"Groupes \u00e9lectrog\u00e8nes"},"content":{"rendered":"<div  id=\"about-1\" class=\"about-9 content-section content-section-spacing\" style=\"background-color: #ffffff;\" data-label=\"About\" data-id=\"about--1\" data-export-id=\"about-9\" data-category=\"about\">\n<div  class=\"gridContainer\">\n<div  class=\"row middle-sm text-center\">\n<div  class=\"col-sm-5 space-bottom-xs content-column content-right-sm\" data-type=\"column\">\n<p  class=\"\">Nous vous proposons une large gamme de groupe&nbsp; \u00e9lectrog\u00e8nes professionnels \u00e0 partir de 6 kW.\n\n<br >Monophas\u00e9s et triphas\u00e9s.\n<br >Diesel, essence ou gaz.\n<br >Versions sur ch\u00e2ssis fixe, sur remorque ou capot\u00e9s et insonoris\u00e9s.<br >Nos groupes vous d\u00e9livrent une alimentation de haute qualit\u00e9 avec r\u00e9gulation \u00e9lectronique par AVR. \n<br >Groupes de secours ou de s\u00e9curit\u00e9 pour r\u00e9pondre \u00e0 vos contraintes d\u2019exploitation les plus exigeantes.\n\n<br >Diff\u00e9rentes capacit\u00e9s de r\u00e9servoir existent et permettent de r\u00e9pondre au mieux \u00e0 vos contraintes d\u2019utilisation.\n\n<br >D\u00e9marrage \u00e9lectrique, manuel et\/ou automatique.\n<br >Associ\u00e9s \u00e0 un inverseur de source automatique ils vous assurent une&nbsp;totale autonomie de fonctionnement en cas de d\u00e9faillance du r\u00e9seau \u00e9lectrique.\n<br >Usine, services commerciaux, techniques et bureau d&rsquo;\u00e9tude bas\u00e9s en France.<\/p>\nPour un diagnostic gratuit et de plus amples informations, contactez-nous par e-mail, contact@regul-elec.fr, ou par t\u00e9l\u00e9phone au 09 62 61 58 17.\n\n<a  class=\"\" href=\"https:\/\/www.regul-elec.fr\" target=\"_self\" data-cp-link=\"1\">http:\/\/www.regul-elec.fr<\/a>\n\n<\/div>\n<div  class=\"col-sm-7 flexbox flexbox middle-xs center-xs space-bottom-xs\">\n<div  class=\"overlay-box flexbox middle-xs center-xs overlay-holder \">\n<div  class=\"overlay-box-offset offset-background shadow-medium bg-color2 hide-xs\"><\/div>\n<a  href=\"#\" target=\"_self\" data-cp-link=\"1\"><img decoding=\"async\"  class=\"flexbox shadow-large img1\" title=\"cropped-Photo_groupe_Genelec_GYW-20-T5-e1544004970152-4.jpg\" src=\"http:\/\/www.regul-elec.fr\/wp-content\/uploads\/2024\/10\/Photo_groupe_Himoinsa_HFW-160-T5.jpg\" alt=\"\" data-size=\"600x400\"><\/a>\n\n<\/div>\n<\/div>\n<\/div>\n<\/div>\n<\/div>","protected":false},"excerpt":{"rendered":"<p>Nous vous proposons une large gamme de groupe&nbsp; \u00e9lectrog\u00e8nes professionnels \u00e0 partir de 6 kW. Monophas\u00e9s et triphas\u00e9s. Diesel, essence ou gaz. Versions sur ch\u00e2ssis fixe, sur remorque ou capot\u00e9s et insonoris\u00e9s.Nos groupes vous d\u00e9livrent une alimentation de haute qualit\u00e9 avec r\u00e9gulation \u00e9lectronique par AVR. Groupes de secours ou de s\u00e9curit\u00e9 pour r\u00e9pondre \u00e0 vos&hellip; <br \/> <a class=\"read-more\" href=\"https:\/\/www.regul-elec.fr\/index.php\/groupes-electrogenes-2\/\">Lire la suite<\/a><\/p>\n","protected":false},"author":1,"featured_media":0,"parent":0,"menu_order":0,"comment_status":"closed","ping_status":"closed","template":"pro\/page-templates\/full-width-page.php","meta":{"om_disable_all_campaigns":false,"_monsterinsights_skip_tracking":false,"_monsterinsights_sitenote_active":false,"_monsterinsights_sitenote_note":"","_monsterinsights_sitenote_category":0,"footnotes":""},"class_list":["post-580","page","type-page","status-publish","hentry"],"aioseo_notices":[],"_links":{"self":[{"href":"https:\/\/www.regul-elec.fr\/index.php\/wp-json\/wp\/v2\/pages\/580","targetHints":{"allow":["GET"]}}],"collection":[{"href":"https:\/\/www.regul-elec.fr\/index.php\/wp-json\/wp\/v2\/pages"}],"about":[{"href":"https:\/\/www.regul-elec.fr\/index.php\/wp-json\/wp\/v2\/types\/page"}],"author":[{"embeddable":true,"href":"https:\/\/www.regul-elec.fr\/index.php\/wp-json\/wp\/v2\/users\/1"}],"replies":[{"embeddable":true,"href":"https:\/\/www.regul-elec.fr\/index.php\/wp-json\/wp\/v2\/comments?post=580"}],"version-history":[{"count":13,"href":"https:\/\/www.regul-elec.fr\/index.php\/wp-json\/wp\/v2\/pages\/580\/revisions"}],"predecessor-version":[{"id":757,"href":"https:\/\/www.regul-elec.fr\/index.php\/wp-json\/wp\/v2\/pages\/580\/revisions\/757"}],"wp:attachment":[{"href":"https:\/\/www.regul-elec.fr\/index.php\/wp-json\/wp\/v2\/media?parent=580"}],"curies":[{"name":"wp","href":"https:\/\/api.w.org\/{rel}","templated":true}]}}