{"id":549,"date":"2019-04-01T09:53:15","date_gmt":"2019-04-01T07:53:15","guid":{"rendered":"http:\/\/www.regul-elec.fr\/?page_id=549"},"modified":"2019-04-01T09:58:03","modified_gmt":"2019-04-01T07:58:03","slug":"parafoudres-2","status":"publish","type":"page","link":"https:\/\/www.regul-elec.fr\/index.php\/parafoudres-2\/","title":{"rendered":"Parafoudres"},"content":{"rendered":"<div data-label=\"About\" data-id=\"about--1\" data-export-id=\"about-9\" data-category=\"about\" class=\"about-9 content-section content-section-spacing\" id=\"about-1\"  style=\"background-color: rgb(255, 255, 255);\"><div class=\"gridContainer\" > <div class=\"row middle-sm text-center\" ><div class=\"col-sm-5 space-bottom-xs content-column content-right-sm\" data-type=\"column\" >   <p class=\"\" >Des surtensions d\u2019origine atmosph\u00e9rique, de type foudre, ou g\u00e9n\u00e9r\u00e9es sur le r\u00e9seau du fait de man\u0153uvres, peuvent survenir sur tous les types de r\u00e9seaux (HT, MT, BT, t\u00e9l\u00e9communication).<br >\nLes mat\u00e9riels \u00e9lectroniques et informatiques sont particuli\u00e8rement sensibles aux surtensions transitoires.<br >\nLes surtensions dues \u00e0 la foudre ou aux man\u0153uvres repr\u00e9sentent pr\u00e8s de 30 % des dommages subis par les \u00e9quipements informatiques, bien plus que les risques de vol (12%) ou bien encore en cons\u00e9quence de d\u00e9g\u00e2ts des eaux (6%).<br >\nCes dommages se traduisent souvent par la destruction imm\u00e9diate du mat\u00e9riel (composants \u00e9lectroniques, circuits imprim\u00e9s, \u2026).  Des effets plus insidieux, peuvent aussi se manifester ult\u00e9rieurement comme le vieillissement pr\u00e9matur\u00e9 des composants, des dysfonctionnements, ou des pannes.<br >\nNous vous proposons une large de gamme de parafoudres (BT, t\u00e9l\u00e9com, informatique, coaxiaux) qui assurent la protection des installations \u00e9lectriques contre les surtensions transitoires en les \n<br >limitant et en \u00e9coulant \u00e0 la terre les courants de foudre.\n<br ><br ><br >\nPour un diagnostic gratuit et de plus amples informations, contactez-nous par e-mail, contact@regul-elec.fr, ou par t\u00e9l\u00e9phone au 09 62 61 58 17.<\/p> <\/div> <div class=\"col-sm-7 flexbox flexbox middle-xs center-xs space-bottom-xs\" ><div class=\"overlay-box flexbox middle-xs center-xs overlay-holder \" > <div class=\"overlay-box-offset offset-background shadow-medium bg-color2 hide-xs\" ><\/div> <img decoding=\"async\" class=\"flexbox shadow-large img1\" src=\"http:\/\/www.regul-elec.fr\/wp-content\/uploads\/2018\/11\/cropped-Parafoudre_DC-7.jpg\" data-size=\"600x400\"  alt=\"\" title=\"cropped-Parafoudre_DC-7.jpg\"><\/div> <\/div><\/div> <\/div><\/div>","protected":false},"excerpt":{"rendered":"<p>Des surtensions d\u2019origine atmosph\u00e9rique, de type foudre, ou g\u00e9n\u00e9r\u00e9es sur le r\u00e9seau du fait de man\u0153uvres, peuvent survenir sur tous les types de r\u00e9seaux (HT, MT, BT, t\u00e9l\u00e9communication). Les mat\u00e9riels \u00e9lectroniques et informatiques sont particuli\u00e8rement sensibles aux surtensions transitoires. Les surtensions dues \u00e0 la foudre ou aux man\u0153uvres repr\u00e9sentent pr\u00e8s de 30 % des dommages&hellip; <br \/> <a class=\"read-more\" href=\"https:\/\/www.regul-elec.fr\/index.php\/parafoudres-2\/\">Lire la suite<\/a><\/p>\n","protected":false},"author":1,"featured_media":0,"parent":0,"menu_order":0,"comment_status":"closed","ping_status":"closed","template":"pro\/page-templates\/full-width-page.php","meta":{"om_disable_all_campaigns":false,"_monsterinsights_skip_tracking":false,"_monsterinsights_sitenote_active":false,"_monsterinsights_sitenote_note":"","_monsterinsights_sitenote_category":0,"footnotes":""},"class_list":["post-549","page","type-page","status-publish","hentry"],"aioseo_notices":[],"_links":{"self":[{"href":"https:\/\/www.regul-elec.fr\/index.php\/wp-json\/wp\/v2\/pages\/549","targetHints":{"allow":["GET"]}}],"collection":[{"href":"https:\/\/www.regul-elec.fr\/index.php\/wp-json\/wp\/v2\/pages"}],"about":[{"href":"https:\/\/www.regul-elec.fr\/index.php\/wp-json\/wp\/v2\/types\/page"}],"author":[{"embeddable":true,"href":"https:\/\/www.regul-elec.fr\/index.php\/wp-json\/wp\/v2\/users\/1"}],"replies":[{"embeddable":true,"href":"https:\/\/www.regul-elec.fr\/index.php\/wp-json\/wp\/v2\/comments?post=549"}],"version-history":[{"count":2,"href":"https:\/\/www.regul-elec.fr\/index.php\/wp-json\/wp\/v2\/pages\/549\/revisions"}],"predecessor-version":[{"id":558,"href":"https:\/\/www.regul-elec.fr\/index.php\/wp-json\/wp\/v2\/pages\/549\/revisions\/558"}],"wp:attachment":[{"href":"https:\/\/www.regul-elec.fr\/index.php\/wp-json\/wp\/v2\/media?parent=549"}],"curies":[{"name":"wp","href":"https:\/\/api.w.org\/{rel}","templated":true}]}}