{"id":514,"date":"2019-03-09T11:12:44","date_gmt":"2019-03-09T10:12:44","guid":{"rendered":"http:\/\/www.regul-elec.fr\/?page_id=514"},"modified":"2019-11-25T16:21:08","modified_gmt":"2019-11-25T15:21:08","slug":"foudre","status":"publish","type":"page","link":"https:\/\/www.regul-elec.fr\/index.php\/foudre\/","title":{"rendered":"Foudre"},"content":{"rendered":"<p><\/p>\n<p><!--StartFragment--><\/p>\n\n\n<h3 class=\"wp-block-heading\" style=\"text-align:center\"><strong>Foudre<\/strong><\/h3>\n\n\n\n<p>Dans une soci\u00e9t\u00e9 o\u00f9\nl\u2019\u00e9lectronique est de plus en plus pr\u00e9sente, se prot\u00e9ger des cons\u00e9quences de la\nfoudre est devenu un enjeu majeur pour les entreprises, et plus\nparticuli\u00e8rement dans les zones \u00e0 risque.<\/p>\n\n\n\n<p><strong>Le principe<\/strong><\/p>\n\n\n\n<p>Ph\u00e9nom\u00e8ne naturel, la foudre est\nune importante d\u00e9charge \u00e9lectrique qui se d\u00e9veloppe entre le nuage et le sol. Un\ncourant impulsionnel, de valeur cr\u00eate de l\u2019ordre de 1000 \u00e0 200000 amp\u00e8res et\navec un temps de mont\u00e9e de l\u2019ordre de la microseconde se produit. <\/p>\n\n\n\n<p>Mais ce sont les effets\nsecondaires les plus dommageable pour vos \u00e9quipements (surtensions\ntransitoires, \u00e9l\u00e9vation du potentiel de terre, rayonnement \u00e9lectromagn\u00e9tique,\n\u2026).<\/p>\n\n\n\n<p><strong>Quelques chiffres<\/strong><\/p>\n\n\n\n<p>Une d\u00e9charge \u00e9lectrique de 10 \u00e0\n20 millions de volts et plus de 20 000 amp\u00e8res.<\/p>\n\n\n\n<p>Pr\u00e8s d\u20191 million de coups de\nfoudre par an touchent le sol de la France. (1\/3 des coups de foudre).<\/p>\n\n\n\n<p>Des d\u00e9g\u00e2ts et des destructions\nqui co\u00fbtent des millions d&rsquo;euros.<\/p>\n\n\n\n<p>20&nbsp;000 sinistres par an dus\n\u00e0 la foudre, dont 15 000 incendies.<\/p>\n\n\n\n<p>50 000 coups de foudre par an\nsur les lignes EDF.<\/p>\n\n\n\n<p>Plus de 20&nbsp;000 pannes sur\nles antennes GSM.<\/p>\n\n\n\n<p>Plus de 100 personnes foudroy\u00e9es\npar an en France dont 10 % succombent et 70% gardent de graves s\u00e9quelles.<\/p>\n\n\n\n<p>10 000 \u00e0 20 000 t\u00eates de b\u00e9tail\nfoudroy\u00e9es en France chaque ann\u00e9e.<\/p>\n\n\n\n<p>2018 a \u00e9t\u00e9 particuli\u00e8rement\ntouch\u00e9e.<\/p>\n\n\n\n<p><strong>Les normes<\/strong><\/p>\n\n\n\n<p>\u2022 La norme NF C15-100 (installations basse tension) et le\nguide UTE C 15-443 donnent les r\u00e8gles d&rsquo;utilisation et les informations\nn\u00e9cessaires \u00e0 la mise en \u0153uvre coh\u00e9rente des parafoudres.<\/p>\n\n\n\n<p>\u2022 La norme NF EN 61643-11 d\u00e9finit les performances des\ndispositifs \u00ab\u00a0parafoudre\u00a0\u00bb destin\u00e9s \u00e0 lutter contre les effets de ces\nph\u00e9nom\u00e8nes foudre sur les \u00e9quipements connect\u00e9s au r\u00e9seau \u00e9lectrique basse\ntension.<\/p>\n\n\n\n<p>\u2022 La norme NF EN 61643-21 d\u00e9finit les performances des\ndispositifs \u00ab\u00a0parafoudre\u00a0\u00bb destin\u00e9s aux r\u00e9seaux de communication\n(t\u00e9l\u00e9com, transmission de donn\u00e9es&#8230;)<\/p>\n\n\n\n<p>Face \u00e0 l\u2019augmentation de ces risques la norme NF C15-100 impose depuis 2002 l\u2019installation de parafoudres dans les zones \u00e0 risque.<\/p>\n\n\n\n<p>2 param\u00e8tres permettent de d\u00e9terminer une\nclassification&nbsp;en 3 zones:<\/p>\n\n\n\n<ul class=\"wp-block-list\"><li>La densit\u00e9 de foudroiement (Niveau Ng): Nbre\nd\u2019impacts\/an\/km2<\/li><li>Le niveau k\u00e9raunique (Niveau Nk): Nbre de jours\nd\u2019orage\/an<\/li><\/ul>\n\n\n\n<p>Il en r\u00e9sulte une relation\napproximative : Ng = Nk\/10 qui d\u00e9finit le niveau de risque.<\/p>\n\n\n\n<figure class=\"wp-block-image\"><img loading=\"lazy\" decoding=\"async\" width=\"536\" height=\"425\" src=\"http:\/\/www.regul-elec.fr\/wp-content\/uploads\/2019\/03\/Ng_France2005.jpg\" alt=\"\" class=\"wp-image-506\" srcset=\"https:\/\/www.regul-elec.fr\/wp-content\/uploads\/2019\/03\/Ng_France2005.jpg 536w, https:\/\/www.regul-elec.fr\/wp-content\/uploads\/2019\/03\/Ng_France2005-300x238.jpg 300w\" sizes=\"auto, (max-width: 536px) 100vw, 536px\" \/><\/figure>\n\n\n\n<p>La norme NF C15-100 (d\u00e9c. 2002), article 4-443, d\u00e9finit\nl\u2019obligation d&rsquo;installation de parafoudres \u00e0 l&rsquo;origine de l&rsquo;installation :<\/p>\n\n\n\n<p><strong>1.L&rsquo;installation est \u00e9quip\u00e9e de paratonnerre<\/strong><\/p>\n\n\n\n<p>Parafoudre\nobligatoire, \u00e0 l&rsquo;origine de l&rsquo;installation : il doit \u00eatre de Type 1 avec un\ncourant Iimp de 12,5kA minimum<\/p>\n\n\n\n<p><strong>2.L&rsquo;installation est aliment\u00e9e par un r\u00e9seau Basse Tension a\u00e9rien et le niveau k\u00e9raunique local Nk est sup\u00e9rieur \u00e0 25 (ou la densit\u00e9 de foudroiement Ng &gt; 2,5)<\/strong><\/p>\n\n\n\n<p>Parafoudre\nobligatoire, \u00e0 l&rsquo;origine de l&rsquo;installation : il doit \u00eatre de Type 2 avec un\ncourant IN de 5kA minimum<\/p>\n\n\n\n<p><strong>Les parafoudres<\/strong><\/p>\n\n\n\n<p><strong>Types<\/strong><\/p>\n\n\n\n<p>Les parafoudres sont r\u00e9pertori\u00e9s selon 3 types diff\u00e9rents\nr\u00e9pondant \u00e0 des caract\u00e9ristiques sp\u00e9cifiques selon 3 classes d\u2019essai.<\/p>\n\n\n\n<p>Type 1 : Ils permettent d\u2019\u00e9couler un courant de foudre\ntr\u00e8s \u00e9lev\u00e9. Conform\u00e9ment \u00e0 la norme EN 61643-11 ils r\u00e9pondent aux exigences\nd\u2019essais de Classe 1. Ils sont install\u00e9s dans le tableau \u00e9lectrique principal\net sont obligatoires lorsque le b\u00e2timent est \u00e9quip\u00e9 d\u2019un paratonnerre.<\/p>\n\n\n\n<p>Type 2 : Ils sont destin\u00e9s \u00e0\n\u00e9couler les courants g\u00e9n\u00e9r\u00e9s par des coups de foudres indirects et provoquant\ndes surtensions induites ou conduites sur le r\u00e9seau de distribution d\u2019\u00e9nergie. Conform\u00e9ment \u00e0 la norme EN 61643-11\nils r\u00e9pondent aux exigences d\u2019essais de Classe 2. Ils sont\ninstall\u00e9s dans le tableau principal de distribution ou \u00e0 proximit\u00e9 des\n\u00e9quipements sensibles<\/p>\n\n\n\n<p>Type 3 : En compl\u00e9ment des parafoudres de Type 2, ils sont destin\u00e9s \u00e0 r\u00e9duire la surtension aux bornes des \u00e9quipements sensibles. Ils ne peuvent pas \u00eatre utilis\u00e9s seuls. Conform\u00e9ment \u00e0 la norme EN 61643-11 ils r\u00e9pondent aux exigences d\u2019essais de Classe 3. Ils sont install\u00e9s au plus pr\u00e8s des \u00e9quipements sensibles. Il existe des parafoudres combin\u00e9s qui apportent une protection \u00e9quivalente \u00e0 une coordination de parafoudres de diff\u00e9rents types.<\/p>\n\n\n\n<p><strong>Technologies<\/strong><\/p>\n\n\n\n<p>&nbsp;&nbsp;&nbsp;&nbsp;&nbsp;&nbsp;&nbsp;&nbsp;&nbsp;&nbsp;&nbsp;&nbsp;&nbsp;&nbsp;&nbsp; 3\ntechnologies existent sur le march\u00e9 des parafoudres<\/p>\n\n\n\n<p>Les varistances<\/p>\n\n\n\n<p>Les \u00e9clateurs \u00e0 air + trigger<\/p>\n\n\n\n<p>Les varistances + \u00e9clateur GSG<\/p>\n\n\n<p><!--EndFragment--><\/p>\n<p><\/p>\n\n\n<p><a href=\"http:\/\/www.citel.fr\">http:\/\/www.citel.fr<\/a><\/p>\n","protected":false},"excerpt":{"rendered":"<p>Foudre Dans une soci\u00e9t\u00e9 o\u00f9 l\u2019\u00e9lectronique est de plus en plus pr\u00e9sente, se prot\u00e9ger des cons\u00e9quences de la foudre est devenu un enjeu majeur pour les entreprises, et plus particuli\u00e8rement dans les zones \u00e0 risque. Le principe Ph\u00e9nom\u00e8ne naturel, la foudre est une importante d\u00e9charge \u00e9lectrique qui se d\u00e9veloppe entre le nuage et le sol.&hellip; <br \/> <a class=\"read-more\" href=\"https:\/\/www.regul-elec.fr\/index.php\/foudre\/\">Lire la suite<\/a><\/p>\n","protected":false},"author":1,"featured_media":0,"parent":0,"menu_order":0,"comment_status":"closed","ping_status":"closed","template":"","meta":{"om_disable_all_campaigns":false,"_monsterinsights_skip_tracking":false,"_monsterinsights_sitenote_active":false,"_monsterinsights_sitenote_note":"","_monsterinsights_sitenote_category":0,"footnotes":""},"class_list":["post-514","page","type-page","status-publish","hentry"],"aioseo_notices":[],"_links":{"self":[{"href":"https:\/\/www.regul-elec.fr\/index.php\/wp-json\/wp\/v2\/pages\/514","targetHints":{"allow":["GET"]}}],"collection":[{"href":"https:\/\/www.regul-elec.fr\/index.php\/wp-json\/wp\/v2\/pages"}],"about":[{"href":"https:\/\/www.regul-elec.fr\/index.php\/wp-json\/wp\/v2\/types\/page"}],"author":[{"embeddable":true,"href":"https:\/\/www.regul-elec.fr\/index.php\/wp-json\/wp\/v2\/users\/1"}],"replies":[{"embeddable":true,"href":"https:\/\/www.regul-elec.fr\/index.php\/wp-json\/wp\/v2\/comments?post=514"}],"version-history":[{"count":4,"href":"https:\/\/www.regul-elec.fr\/index.php\/wp-json\/wp\/v2\/pages\/514\/revisions"}],"predecessor-version":[{"id":681,"href":"https:\/\/www.regul-elec.fr\/index.php\/wp-json\/wp\/v2\/pages\/514\/revisions\/681"}],"wp:attachment":[{"href":"https:\/\/www.regul-elec.fr\/index.php\/wp-json\/wp\/v2\/media?parent=514"}],"curies":[{"name":"wp","href":"https:\/\/api.w.org\/{rel}","templated":true}]}}