{"id":424,"date":"2019-01-04T14:21:17","date_gmt":"2019-01-04T13:21:17","guid":{"rendered":"http:\/\/www.regul-elec.fr\/?page_id=424"},"modified":"2019-03-09T10:59:47","modified_gmt":"2019-03-09T09:59:47","slug":"mentions-legales","status":"publish","type":"page","link":"https:\/\/www.regul-elec.fr\/index.php\/mentions-legales\/","title":{"rendered":"Mentions l\u00e9gales"},"content":{"rendered":"\n<p><strong>Mentions l\u00e9gales<\/strong><\/p>\n\n\n\n<p>Le pr\u00e9sent\nsite est \u00e9dit\u00e9 par la soci\u00e9t\u00e9 REGUL-ELEC.<\/p>\n\n\n\n<p>Forme juridique&nbsp;: SASU<\/p>\n\n\n\n<p>RCS&nbsp;Le\nPuy en Velay 839 374&nbsp;527<\/p>\n\n\n\n<p>Code APE 4652Z&nbsp;: Commerce de gros (commerce interentreprises) de\ncomposants et d&rsquo;\u00e9quipements \u00e9lectroniques et de t\u00e9l\u00e9communication<\/p>\n\n\n\n<p>N\u00b0 de TVA&nbsp;: FR04839374527<\/p>\n\n\n\n<p>Capital social&nbsp;: 20 000 \u20ac<\/p>\n\n\n\n<p>Adresse du si\u00e8ge social&nbsp;: Madelonnet Bas &#8211; 43200 Saint-Jeures<\/p>\n\n\n\n<p>Courrier \u00e9lectronique, <a href=\"mailto:contact@regul-elec.fr\">contact@regul-elec.fr<\/a><\/p>\n\n\n\n<p>T\u00e9l\u00e9phone du si\u00e8ge social&nbsp;: 09 62 61 58 17 (du lundi au vendredi de\n9h00 \u00e0 12h00 et de 14h00 \u00e0 18h)<\/p>\n\n\n\n<p>H\u00e9bergeur du site :\nOVH<\/p>\n\n\n\n<p>Si\u00e8ge social&nbsp;: 2 rue Kellermann &#8211; 59100 Roubaix &#8211;\nFrance.<\/p>\n\n\n\n<p>Site web&nbsp;: www.ovh.com<\/p>\n\n\n\n<p>Directeur de\nla publication : Alain BOURETTE<strong><\/strong><\/p>\n\n\n\n<p><strong>Propri\u00e9t\u00e9\nintellectuelle<\/strong><\/p>\n\n\n\n<p>Toute reproduction ou repr\u00e9sentation totale ou partielle de ce site\n(structure, texte, images, \u2026), par quelque proc\u00e9d\u00e9 que ce soit,&nbsp;est\ninterdite sans l\u2019autorisation expresse de la soci\u00e9t\u00e9 REGUL-ELEC, et\nconstituerait une contrefa\u00e7on sanctionn\u00e9e par les articles L 335-2 et suivants\ndu Code de la propri\u00e9t\u00e9 intellectuelle.<\/p>\n\n\n\n<p>Tout ce qui constitue le site regul-elec.fr est la propri\u00e9t\u00e9 exclusive de\nREGUL-ELEC.<\/p>\n\n\n\n<p>Les logos sont des marques d\u00e9pos\u00e9es.<strong><\/strong><\/p>\n\n\n\n<p><strong>Protection des donn\u00e9es\npersonnelles<\/strong><\/p>\n\n\n\n<p>Les informations vous\nconcernant et contenues dans nos fichiers ne sont utilis\u00e9es qu\u2019aux fins de\ntraitement de votre commande. Elles ne font l\u2019objet de communications\next\u00e9rieures que pour les seules n\u00e9cessit\u00e9s de la gestion ou pour satisfaire aux\nobligations l\u00e9gales r\u00e9glementaires. Conform\u00e9ment aux dispositions de la loi\nInformatique et libert\u00e9s 78-174 du 6 janvier 1978 modifi\u00e9e et \u00e0 celles du\nR\u00e8glement G\u00e9n\u00e9ral sur la Protection des Donn\u00e9es, vous disposez d\u2019un droit\nd\u2019acc\u00e8s, de rectification et d\u2019effacement des informations vous concernant.\nPour exercer ce droit vous pouvez vous adresser \u00e0 REGUL-ELEC &#8211; Madelonnet Bas &#8211;\n43200 Saint-Jeures.<strong><\/strong><\/p>\n\n\n\n<p><strong>Responsabilit\u00e9<\/strong><\/p>\n\n\n\n<p>La soci\u00e9t\u00e9 REGUL-ELEC v\u00e9rifie\nl&rsquo;exactitude des informations figurant sur le site. Cependant, elle n&rsquo;assure aucune\ngarantie, expresse ou tacite, concernant le contenu de ce site et ne saurait\nvoir sa responsabilit\u00e9 engag\u00e9e au titre d&rsquo;un quelconque dommage r\u00e9sultant\ndirectement ou indirectement de l&rsquo;utilisation du pr\u00e9sent site. <\/p>\n\n\n\n<p>Les\ncaract\u00e9ristiques des produits pr\u00e9sents sur le site sont susceptibles de\nmodification sans pr\u00e9avis de la part des constructeurs. Les images et\ndescriptifs de ce site ne sont pas contractuels.\n\nL\u2019utilisateur est donc fortement invit\u00e9 \u00e0 v\u00e9rifier ces\ninfo\n\n\n\n<\/p>\n","protected":false},"excerpt":{"rendered":"<p>Mentions l\u00e9gales Le pr\u00e9sent site est \u00e9dit\u00e9 par la soci\u00e9t\u00e9 REGUL-ELEC. Forme juridique&nbsp;: SASU RCS&nbsp;Le Puy en Velay 839 374&nbsp;527 Code APE 4652Z&nbsp;: Commerce de gros (commerce interentreprises) de composants et d&rsquo;\u00e9quipements \u00e9lectroniques et de t\u00e9l\u00e9communication N\u00b0 de TVA&nbsp;: FR04839374527 Capital social&nbsp;: 20 000 \u20ac Adresse du si\u00e8ge social&nbsp;: Madelonnet Bas &#8211; 43200 Saint-Jeures Courrier&hellip; <br \/> <a class=\"read-more\" href=\"https:\/\/www.regul-elec.fr\/index.php\/mentions-legales\/\">Lire la suite<\/a><\/p>\n","protected":false},"author":1,"featured_media":0,"parent":0,"menu_order":0,"comment_status":"closed","ping_status":"closed","template":"","meta":{"om_disable_all_campaigns":false,"_monsterinsights_skip_tracking":false,"_monsterinsights_sitenote_active":false,"_monsterinsights_sitenote_note":"","_monsterinsights_sitenote_category":0,"footnotes":""},"class_list":["post-424","page","type-page","status-publish","hentry"],"aioseo_notices":[],"_links":{"self":[{"href":"https:\/\/www.regul-elec.fr\/index.php\/wp-json\/wp\/v2\/pages\/424","targetHints":{"allow":["GET"]}}],"collection":[{"href":"https:\/\/www.regul-elec.fr\/index.php\/wp-json\/wp\/v2\/pages"}],"about":[{"href":"https:\/\/www.regul-elec.fr\/index.php\/wp-json\/wp\/v2\/types\/page"}],"author":[{"embeddable":true,"href":"https:\/\/www.regul-elec.fr\/index.php\/wp-json\/wp\/v2\/users\/1"}],"replies":[{"embeddable":true,"href":"https:\/\/www.regul-elec.fr\/index.php\/wp-json\/wp\/v2\/comments?post=424"}],"version-history":[{"count":2,"href":"https:\/\/www.regul-elec.fr\/index.php\/wp-json\/wp\/v2\/pages\/424\/revisions"}],"predecessor-version":[{"id":502,"href":"https:\/\/www.regul-elec.fr\/index.php\/wp-json\/wp\/v2\/pages\/424\/revisions\/502"}],"wp:attachment":[{"href":"https:\/\/www.regul-elec.fr\/index.php\/wp-json\/wp\/v2\/media?parent=424"}],"curies":[{"name":"wp","href":"https:\/\/api.w.org\/{rel}","templated":true}]}}