{"id":423,"date":"2019-01-04T14:21:17","date_gmt":"2019-01-04T13:21:17","guid":{"rendered":"http:\/\/www.regul-elec.fr\/?page_id=423"},"modified":"2019-03-09T10:59:10","modified_gmt":"2019-03-09T09:59:10","slug":"cookies-et-protection-des-donnees","status":"publish","type":"page","link":"https:\/\/www.regul-elec.fr\/index.php\/cookies-et-protection-des-donnees\/","title":{"rendered":"Cookies et protection des donn\u00e9es"},"content":{"rendered":"\n<p><strong>Protection des donn\u00e9es\npersonnelles<\/strong><\/p>\n\n\n\n<p>Les informations vous\nconcernant et contenues dans nos fichiers ne sont utilis\u00e9es qu\u2019aux fins de\ntraitement de votre commande. Elles ne font l\u2019objet de communications\next\u00e9rieures que pour les seules n\u00e9cessit\u00e9s de la gestion ou pour satisfaire aux\nobligations l\u00e9gales r\u00e9glementaires. Conform\u00e9ment aux dispositions de la loi\nInformatique et libert\u00e9s 78-174 du 6 janvier 1978 modifi\u00e9e et \u00e0 celles du\nR\u00e8glement G\u00e9n\u00e9ral sur la Protection des Donn\u00e9es, vous disposez d\u2019un droit\nd\u2019acc\u00e8s, de rectification et d\u2019effacement des informations vous concernant.\nPour exercer ce droit vous pouvez vous adresser \u00e0 REGUL-ELEC &#8211; Madelonnet Bas &#8211;\n43200 Saint-Jeures.<strong><\/strong><\/p>\n","protected":false},"excerpt":{"rendered":"<p>Protection des donn\u00e9es personnelles Les informations vous concernant et contenues dans nos fichiers ne sont utilis\u00e9es qu\u2019aux fins de traitement de votre commande. Elles ne font l\u2019objet de communications ext\u00e9rieures que pour les seules n\u00e9cessit\u00e9s de la gestion ou pour satisfaire aux obligations l\u00e9gales r\u00e9glementaires. Conform\u00e9ment aux dispositions de la loi Informatique et libert\u00e9s 78-174&hellip; <br \/> <a class=\"read-more\" href=\"https:\/\/www.regul-elec.fr\/index.php\/cookies-et-protection-des-donnees\/\">Lire la suite<\/a><\/p>\n","protected":false},"author":1,"featured_media":0,"parent":0,"menu_order":0,"comment_status":"closed","ping_status":"closed","template":"","meta":{"om_disable_all_campaigns":false,"_monsterinsights_skip_tracking":false,"_monsterinsights_sitenote_active":false,"_monsterinsights_sitenote_note":"","_monsterinsights_sitenote_category":0,"footnotes":""},"class_list":["post-423","page","type-page","status-publish","hentry"],"aioseo_notices":[],"_links":{"self":[{"href":"https:\/\/www.regul-elec.fr\/index.php\/wp-json\/wp\/v2\/pages\/423","targetHints":{"allow":["GET"]}}],"collection":[{"href":"https:\/\/www.regul-elec.fr\/index.php\/wp-json\/wp\/v2\/pages"}],"about":[{"href":"https:\/\/www.regul-elec.fr\/index.php\/wp-json\/wp\/v2\/types\/page"}],"author":[{"embeddable":true,"href":"https:\/\/www.regul-elec.fr\/index.php\/wp-json\/wp\/v2\/users\/1"}],"replies":[{"embeddable":true,"href":"https:\/\/www.regul-elec.fr\/index.php\/wp-json\/wp\/v2\/comments?post=423"}],"version-history":[{"count":2,"href":"https:\/\/www.regul-elec.fr\/index.php\/wp-json\/wp\/v2\/pages\/423\/revisions"}],"predecessor-version":[{"id":501,"href":"https:\/\/www.regul-elec.fr\/index.php\/wp-json\/wp\/v2\/pages\/423\/revisions\/501"}],"wp:attachment":[{"href":"https:\/\/www.regul-elec.fr\/index.php\/wp-json\/wp\/v2\/media?parent=423"}],"curies":[{"name":"wp","href":"https:\/\/api.w.org\/{rel}","templated":true}]}}