{"id":4,"date":"2018-11-05T16:24:40","date_gmt":"2018-11-05T15:24:40","guid":{"rendered":"http:\/\/www.regul-elec.fr\/index.php\/mesmerize\/"},"modified":"2024-10-23T15:23:38","modified_gmt":"2024-10-23T13:23:38","slug":"mesmerize","status":"publish","type":"page","link":"https:\/\/www.regul-elec.fr\/","title":{"rendered":"Accueil"},"content":{"rendered":"<div id=\"portfolio-1\" class=\"portfolio-5 content-section content-section-spacing\" style=\"background-color: #ffffff;\" data-label=\"Portfolio\" data-id=\"portfolio--1\" data-export-id=\"portfolio-5\" data-category=\"portfolio\">\n<div class=\"gridContainer\">\n<div class=\"row text-center\">\n<div class=\"section-title-col\" data-type=\"column\"><\/div>\n<\/div>\n<div class=\"row space-bottom spaced-cols center-sm\" data-type=\"row\">\n<div class=\"col-xs-12 col-sm-4 text-center\">\n<div class=\"card no-padding bordered\">\n<div class=\"contentswap-effect\" data-hover-fx=\"portfolio-6\">\n<div class=\"initial-image\"><img loading=\"lazy\" decoding=\"async\" class=\"alignnone  wp-image-706\" src=\"http:\/\/www.regul-elec.fr\/wp-content\/uploads\/2024\/10\/Photo_groupe_Himoinsa_HFW-160-T5-300x176.jpg\" alt=\"\" width=\"453\" height=\"266\" srcset=\"https:\/\/www.regul-elec.fr\/wp-content\/uploads\/2024\/10\/Photo_groupe_Himoinsa_HFW-160-T5-300x176.jpg 300w, https:\/\/www.regul-elec.fr\/wp-content\/uploads\/2024\/10\/Photo_groupe_Himoinsa_HFW-160-T5-768x449.jpg 768w, https:\/\/www.regul-elec.fr\/wp-content\/uploads\/2024\/10\/Photo_groupe_Himoinsa_HFW-160-T5-1024x599.jpg 1024w, https:\/\/www.regul-elec.fr\/wp-content\/uploads\/2024\/10\/Photo_groupe_Himoinsa_HFW-160-T5.jpg 1600w\" sizes=\"auto, (max-width: 453px) 100vw, 453px\" \/><\/div>\n<div class=\"overlay bg-color6\"><\/div>\n<div class=\"swap-inner col-xs-12\">\n<div class=\"row full-height-row middle-xs middle-sm\">\n<div class=\"col-xs-12 text-center content-holder\"><a class=\"button small color1\" href=\"http:\/\/www.regul-elec.fr\/index.php\/groupes-electrogenes-2\" target=\"_self\" data-cp-link=\"1\" data-icon=\"\">En savoir plus<\/a><\/div>\n<\/div>\n<\/div>\n<\/div>\n<div class=\"col-xs-12\">\n<div class=\"space-bottom space-top\" data-type=\"column\">\n<h5 class=\"\">Groupes \u00e9lectrog\u00e8nes professionnels<\/h5>\n<p class=\"\">Une alimentation \u00e9lectrique autonome, toujours disponible<\/p>\n\n<\/div>\n<\/div>\n<\/div>\n<\/div>\n<div class=\"col-xs-12 col-sm-4 text-center\">\n<div class=\"card no-padding bordered\">\n<div class=\"contentswap-effect\" data-hover-fx=\"portfolio-6\">\n<div class=\"initial-image\"><img loading=\"lazy\" decoding=\"async\" class=\"alignnone size-medium wp-image-271\" src=\"http:\/\/www.regul-elec.fr\/wp-content\/uploads\/2018\/11\/Powerware_Mge_Family_02_08-300x266.jpg\" alt=\"\" width=\"300\" height=\"266\" srcset=\"https:\/\/www.regul-elec.fr\/wp-content\/uploads\/2018\/11\/Powerware_Mge_Family_02_08-300x266.jpg 300w, https:\/\/www.regul-elec.fr\/wp-content\/uploads\/2018\/11\/Powerware_Mge_Family_02_08-768x681.jpg 768w, https:\/\/www.regul-elec.fr\/wp-content\/uploads\/2018\/11\/Powerware_Mge_Family_02_08.jpg 778w\" sizes=\"auto, (max-width: 300px) 100vw, 300px\" \/><\/div>\n<div class=\"overlay bg-color6\"><\/div>\n<div class=\"swap-inner col-xs-12\">\n<div class=\"row full-height-row middle-xs middle-sm\">\n<div class=\"col-xs-12 text-center content-holder\"><a class=\"button small color1\" href=\"http:\/\/www.regul-elec.fr\/index.php\/onduleurs\" target=\"_self\" data-cp-link=\"1\" data-icon=\"\">En savoir plus<\/a><\/div>\n<\/div>\n<\/div>\n<\/div>\n<div class=\"col-xs-12\">\n<div class=\"space-bottom space-top\" data-type=\"column\">\n<h5 class=\"\">Onduleurs tour<\/h5>\n<p class=\"\">Une large gamme d\u2019onduleurs professionnels<\/p>\n\n<\/div>\n<\/div>\n<\/div>\n<\/div>\n<div class=\"col-xs-12 col-sm-4 text-center\">\n<div class=\"card no-padding bordered\">\n<div class=\"contentswap-effect\" data-hover-fx=\"portfolio-6\">\n<div class=\"initial-image\"><img decoding=\"async\" src=\"http:\/\/www.regul-elec.fr\/wp-content\/uploads\/2019\/01\/cropped-Vertiv_GXT4-700RT230E_INT_1.png\" data-size=\"500x333\" \/><\/div>\n<div class=\"overlay bg-color6\"><\/div>\n<div class=\"swap-inner col-xs-12\">\n<div class=\"row full-height-row middle-xs middle-sm\">\n<div class=\"col-xs-12 text-center content-holder\"><a class=\"button small color1\" href=\"http:\/\/www.regul-elec.fr\/index.php\/onduleurs\" target=\"_self\" data-cp-link=\"1\" data-icon=\"\">En savoir plus<\/a><\/div>\n<\/div>\n<\/div>\n<\/div>\n<div class=\"col-xs-12\">\n<div class=\"space-bottom space-top\" data-type=\"column\">\n<h5 class=\"\">Onduleurs rack<\/h5>\n<p class=\"\">Une large gamme d\u2019onduleurs professionnels (tours, racks, convertibles ou modulaires)<\/p>\n\n<\/div>\n<\/div>\n<\/div>\n<\/div>\n<div class=\"col-xs-12 col-sm-4 text-center\">\n<div class=\"card no-padding bordered\">\n<div class=\"contentswap-effect\" data-hover-fx=\"portfolio-6\">\n<div class=\"initial-image\"><img decoding=\"async\" src=\"http:\/\/www.regul-elec.fr\/wp-content\/uploads\/2019\/01\/cropped-SYPX_500_Front_Left_-1.jpg\" data-size=\"500x333\" \/><\/div>\n<div class=\"overlay bg-color6\"><\/div>\n<div class=\"swap-inner col-xs-12\">\n<div class=\"row full-height-row middle-xs middle-sm\">\n<div class=\"col-xs-12 text-center content-holder\"><a class=\"button small color1\" href=\"http:\/\/www.regul-elec.fr\/index.php\/onduleurs\" target=\"_self\" data-cp-link=\"1\" data-icon=\"\">En savoir plus<\/a><\/div>\n<\/div>\n<\/div>\n<\/div>\n<div class=\"col-xs-12\">\n<div class=\"space-bottom space-top\" data-type=\"column\">\n<h5 class=\"\">Onduleurs modulaires<\/h5>\n<p class=\"\">Onduleurs modulaires \u00e0 tol\u00e9rance de panne<\/p>\n<p class=\"\">Des solutions haute disponibilit\u00e9. Onduleurs modulaires, redondants<\/p>\n\n<\/div>\n<\/div>\n<\/div>\n<\/div>\n<div class=\"col-xs-12 col-sm-4 text-center\">\n<div class=\"card no-padding bordered\">\n<div class=\"contentswap-effect\" data-hover-fx=\"portfolio-6\">\n<div class=\"initial-image\"><img loading=\"lazy\" decoding=\"async\" class=\"alignnone size-medium wp-image-553\" src=\"http:\/\/www.regul-elec.fr\/wp-content\/uploads\/2019\/04\/Parafoudres-300x158.jpg\" alt=\"\" width=\"300\" height=\"158\" srcset=\"https:\/\/www.regul-elec.fr\/wp-content\/uploads\/2019\/04\/Parafoudres-300x158.jpg 300w, https:\/\/www.regul-elec.fr\/wp-content\/uploads\/2019\/04\/Parafoudres.jpg 310w\" sizes=\"auto, (max-width: 300px) 100vw, 300px\" \/><\/div>\n<div class=\"overlay bg-color6\"><\/div>\n<div class=\"swap-inner col-xs-12\">\n<div class=\"row full-height-row middle-xs middle-sm\">\n<div class=\"col-xs-12 text-center content-holder\"><a class=\"button small color1\" href=\"http:\/\/www.regul-elec.fr\/index.php\/parafoudres-2\" target=\"_self\" data-cp-link=\"1\" data-icon=\"\">En savoir plus<\/a><\/div>\n<\/div>\n<\/div>\n<\/div>\n<div class=\"col-xs-12\">\n<div class=\"space-bottom space-top\" data-type=\"column\">\n<h5 class=\"\">Parafoudres<\/h5>\n<p class=\"\">Parafoudres mono, tetra, lignes t\u00e9l\u00e9com, Ethernet, \u2026<\/p>\n\n<\/div>\n<\/div>\n<\/div>\n<\/div>\n<div class=\"col-xs-12 col-sm-4 text-center\">\n<div class=\"card no-padding bordered\">\n<div class=\"contentswap-effect\" data-hover-fx=\"portfolio-6\">\n<div class=\"initial-image\"><img decoding=\"async\" src=\"http:\/\/www.regul-elec.fr\/wp-content\/uploads\/2019\/01\/cropped-Batterie_resource_images_salestools_High_Front_Left_.jpg\" data-size=\"500x333\" \/><\/div>\n<div class=\"overlay bg-color6\"><\/div>\n<div class=\"swap-inner col-xs-12\">\n<div class=\"row full-height-row middle-xs middle-sm\">\n<div class=\"col-xs-12 text-center content-holder\"><a class=\"button small color1\" href=\"http:\/\/www.regul-elec.fr\/index.php\/batteries-de-condensateurs-maitrise-de-la-puissance-reactive-2\" target=\"_self\" data-cp-link=\"1\" data-icon=\"\">En savoir plus<\/a><\/div>\n<\/div>\n<\/div>\n<\/div>\n<div class=\"col-xs-12\">\n<div class=\"space-bottom space-top\" data-type=\"column\">\n<h5 class=\"\">Batteries pour onduleurs<\/h5>\n<p class=\"\">Kits de remplacement batteries<\/p>\n\n<\/div>\n<\/div>\n<\/div>\n<\/div>\n<div class=\"col-xs-12 col-sm-4 text-center\">\n<div class=\"card no-padding bordered\">\n<div class=\"contentswap-effect\" data-hover-fx=\"portfolio-6\">\n<div class=\"initial-image\"><img decoding=\"async\" src=\"http:\/\/www.regul-elec.fr\/wp-content\/uploads\/2019\/01\/cropped-G4E-A.png\" data-size=\"500x333\" \/><\/div>\n<div class=\"overlay bg-color6\"><\/div>\n<div class=\"swap-inner col-xs-12\">\n<div class=\"row full-height-row middle-xs middle-sm\">\n<div class=\"col-xs-12 text-center content-holder\"><a class=\"button small color1\" href=\"http:\/\/www.regul-elec.fr\/index.php\/batteries-de-condensateurs-maitrise-de-la-puissance-reactive-2\" target=\"_self\" data-cp-link=\"1\" data-icon=\"\">En savoir plus<\/a><\/div>\n<\/div>\n<\/div>\n<\/div>\n<div class=\"col-xs-12\">\n<div class=\"space-bottom space-top\" data-type=\"column\">\n<h5 class=\"\">Batteries de condensateurs<\/h5>\n<p class=\"\">Batteries de condensateurs<\/p>\n<p class=\"\">Compensation de puissance r\u00e9active<\/p>\n\n<\/div>\n<\/div>\n<\/div>\n<\/div>\n<div class=\"col-xs-12 col-sm-4 text-center\">\n<div class=\"card no-padding bordered\">\n<div class=\"contentswap-effect\" data-hover-fx=\"portfolio-6\">\n<div class=\"initial-image\"><img decoding=\"async\" src=\"http:\/\/www.regul-elec.fr\/wp-content\/uploads\/2019\/01\/cropped-POWER_extFire-autonome-e1546608286465.jpg\" data-size=\"500x333\" \/><\/div>\n<div class=\"overlay bg-color6\"><\/div>\n<div class=\"swap-inner col-xs-12\">\n<div class=\"row full-height-row middle-xs middle-sm\">\n<div class=\"col-xs-12 text-center content-holder\"><a class=\"button small color1\" href=\"http:\/\/www.regul-elec.fr\/index.php\/extinction-incendie-locaux-informatiques-armoires-electriques-2\" target=\"_self\" data-cp-link=\"1\" data-icon=\"\">En savoir plus<\/a><\/div>\n<\/div>\n<\/div>\n<\/div>\n<div class=\"col-xs-12\">\n<div class=\"space-bottom space-top\" data-type=\"column\">\n<h5 class=\"\">Extinction incendie<\/h5>\n<p class=\"\">Protection incendie d\u2019origine \u00e9lectrique<\/p>\n\n<\/div>\n<\/div>\n<\/div>\n<\/div>\n<div class=\"col-xs-12 col-sm-4 text-center\">\n<div class=\"card no-padding bordered\">\n<div class=\"contentswap-effect\" data-hover-fx=\"portfolio-6\">\n<div class=\"initial-image\"><img decoding=\"async\" src=\"http:\/\/www.regul-elec.fr\/wp-content\/uploads\/2018\/12\/cropped-Image-ISBCe-1.jpg\" data-size=\"500x333\" \/><\/div>\n<div class=\"overlay bg-color6\"><\/div>\n<div class=\"swap-inner col-xs-12\">\n<div class=\"row full-height-row middle-xs middle-sm\">\n<div class=\"col-xs-12 text-center content-holder\"><a class=\"button small color1\" href=\"http:\/\/www.regul-elec.fr\/index.php\/baies-climatisees-19\" target=\"_self\" data-cp-link=\"1\" data-icon=\"\">En savoir plus<\/a><\/div>\n<\/div>\n<\/div>\n<\/div>\n<div class=\"col-xs-12\">\n<div class=\"space-bottom space-top\" data-type=\"column\">\n<h5 class=\"\">Baies climatis\u00e9es<\/h5>\n<p class=\"\">Baies climatis\u00e9es, micro-datacenters<\/p>\n\n<\/div>\n<\/div>\n<\/div>\n<\/div>\n<div class=\"col-xs-12 col-sm-4 text-center\">\n<div class=\"card no-padding bordered\">\n<div class=\"contentswap-effect\" data-hover-fx=\"portfolio-6\">\n<div class=\"initial-image\"><img decoding=\"async\" src=\"http:\/\/www.regul-elec.fr\/wp-content\/uploads\/2019\/01\/cropped-NMC9130.png\" data-size=\"500x333\" \/><\/div>\n<div class=\"overlay bg-color6\"><\/div>\n<div class=\"swap-inner col-xs-12\">\n<div class=\"row full-height-row middle-xs middle-sm\">\n<div class=\"col-xs-12 text-center content-holder\"><a class=\"button small color1\" href=\"http:\/\/www.regul-elec.fr\/index.php\/logiciels-et-interfaces-de-supervision\" target=\"_self\" data-cp-link=\"1\" data-icon=\"\">En savoir plus<\/a><\/div>\n<\/div>\n<\/div>\n<\/div>\n<div class=\"col-xs-12\">\n<div class=\"space-bottom space-top\" data-type=\"column\">\n<h5 class=\"\">Supervision, shutdown automatique<\/h5>\n<p class=\"\">Solutions de communication (supervision \u00e0 distance, \u2026)<\/p>\n\n<\/div>\n<\/div>\n<\/div>\n<\/div>\n<div class=\"col-xs-12 col-sm-4 text-center\">\n<div class=\"card no-padding bordered\">\n<div class=\"contentswap-effect\" data-hover-fx=\"portfolio-6\">\n<div class=\"initial-image\"><img decoding=\"async\" src=\"http:\/\/www.regul-elec.fr\/wp-content\/uploads\/2019\/03\/cropped-maintenance-pr%C3%A9ventive.jpg\" data-size=\"500x333\" \/><\/div>\n<div class=\"overlay bg-color6\"><\/div>\n<div class=\"swap-inner col-xs-12\">\n<div class=\"row full-height-row middle-xs middle-sm\">\n<div class=\"col-xs-12 text-center content-holder\"><a class=\"button small color1\" href=\"http:\/\/www.regul-elec.fr\/index.php\/maintenance\" target=\"_self\" data-cp-link=\"1\" data-icon=\"\">En savoir plus<\/a><\/div>\n<\/div>\n<\/div>\n<\/div>\n<div class=\"col-xs-12\">\n<div class=\"space-bottom space-top\" data-type=\"column\">\n<h5 class=\"\">Maintenance<\/h5>\n<p class=\"\">Maintenance pr\u00e9ventive et curative<\/p>\n\n<\/div>\n<\/div>\n<\/div>\n<\/div>\n<\/div>\n<div class=\"row\">\n<div class=\"col-xs-12 text-center\" data-type=\"column\"><\/div>\n<\/div>\n<\/div>\n<\/div>","protected":false},"excerpt":{"rendered":"<p>En savoir plus Groupes \u00e9lectrog\u00e8nes professionnels Une alimentation \u00e9lectrique autonome, toujours disponible En savoir plus Onduleurs tour Une large gamme d\u2019onduleurs professionnels En savoir plus Onduleurs rack Une large gamme d\u2019onduleurs professionnels (tours, racks, convertibles ou modulaires) En savoir plus Onduleurs modulaires Onduleurs modulaires \u00e0 tol\u00e9rance de panne Des solutions haute disponibilit\u00e9. Onduleurs modulaires, redondants&hellip; <br \/> <a class=\"read-more\" href=\"https:\/\/www.regul-elec.fr\/\">Lire la suite<\/a><\/p>\n","protected":false},"author":1,"featured_media":0,"parent":0,"menu_order":0,"comment_status":"closed","ping_status":"closed","template":"page-templates\/homepage.php","meta":{"om_disable_all_campaigns":false,"_monsterinsights_skip_tracking":false,"_monsterinsights_sitenote_active":false,"_monsterinsights_sitenote_note":"","_monsterinsights_sitenote_category":0,"footnotes":""},"class_list":["post-4","page","type-page","status-publish","hentry"],"aioseo_notices":[],"_links":{"self":[{"href":"https:\/\/www.regul-elec.fr\/index.php\/wp-json\/wp\/v2\/pages\/4","targetHints":{"allow":["GET"]}}],"collection":[{"href":"https:\/\/www.regul-elec.fr\/index.php\/wp-json\/wp\/v2\/pages"}],"about":[{"href":"https:\/\/www.regul-elec.fr\/index.php\/wp-json\/wp\/v2\/types\/page"}],"author":[{"embeddable":true,"href":"https:\/\/www.regul-elec.fr\/index.php\/wp-json\/wp\/v2\/users\/1"}],"replies":[{"embeddable":true,"href":"https:\/\/www.regul-elec.fr\/index.php\/wp-json\/wp\/v2\/comments?post=4"}],"version-history":[{"count":28,"href":"https:\/\/www.regul-elec.fr\/index.php\/wp-json\/wp\/v2\/pages\/4\/revisions"}],"predecessor-version":[{"id":739,"href":"https:\/\/www.regul-elec.fr\/index.php\/wp-json\/wp\/v2\/pages\/4\/revisions\/739"}],"wp:attachment":[{"href":"https:\/\/www.regul-elec.fr\/index.php\/wp-json\/wp\/v2\/media?parent=4"}],"curies":[{"name":"wp","href":"https:\/\/api.w.org\/{rel}","templated":true}]}}