{"id":348,"date":"2018-12-05T11:55:52","date_gmt":"2018-12-05T10:55:52","guid":{"rendered":"http:\/\/www.regul-elec.fr\/?page_id=348"},"modified":"2018-12-05T14:01:03","modified_gmt":"2018-12-05T13:01:03","slug":"regulation","status":"publish","type":"page","link":"https:\/\/www.regul-elec.fr\/index.php\/regulation\/","title":{"rendered":"R\u00e9gulation"},"content":{"rendered":"<div data-label=\"Overlappable\" data-id=\"overlappable--1\" data-export-id=\"overlappable-4\" data-category=\"overlappable\" class=\"overlappable-4 content-section content-section-spacing\" data-overlap=\"true\" id=\"overlappable-1\"  style=\"background-color: rgb(255, 255, 255);\"><div class=\"gridContainer\" > <div data-type=\"row\" class=\"row spaced-cols text-center center-sm\" ><div class=\"col-xs-12 col-sm-4 col-padding\" > <i class=\"fa icon shadow-large-black aligncenter fa-arrows-v reverse round large color1\" ><\/i> <div data-type=\"column\" class=\"\" >  <p class=\"\" >La r\u00e9gulation de fr\u00e9quence peut \u00eatre m\u00e9canique sur les groupes \u00e9lectrog\u00e8nes d\u2019entr\u00e9e de gamme ou \u00e9lectronique (Inverter ou AVR &#8211; Automatic Voltage Regulator en Anglais) sur les produits plus \u00e9labor\u00e9s<\/p><\/div> <\/div> <div class=\"col-xs-12 col-sm-4 col-padding\" > <i class=\"fa icon shadow-large-black aligncenter fa-connectdevelop reverse round large color1\" ><\/i> <div data-type=\"column\" class=\"\" > <p class=\"\" >Les groupes \u00e9lectrog\u00e8nes de forte puissance b\u00e9n\u00e9ficient d\u2019une r\u00e9gulation \u00e9lectronique<\/p><\/div> <\/div> <div class=\"col-xs-12 col-sm-4 col-padding\" > <i class=\"fa icon shadow-large-black aligncenter fa-cogs reverse round large color1\" ><\/i> <div data-type=\"column\" class=\"\" > <p class=\"\" >La r\u00e9gulation par AVR stabilise le r\u00e9gime moteur afin de garantir une fr\u00e9quence et une tension stables lorsque la charge fluctue<\/p><\/div> <\/div><div class=\"col-xs-12 col-sm-4 col-padding\" > <i class=\"fa icon shadow-large-black aligncenter fa-rotate-left reverse round large color1\" ><\/i> <div data-type=\"column\" class=\"\" >  <p class=\"\" >La technologie \u201finverter\u201d convertit \u00e9lectroniquement le courant d\u00e9livr\u00e9 par l\u2019alternateur produisant ainsi un signal sinuso\u00efdal quasi parfait. Il ne s\u2019agit plus d\u2019une simple r\u00e9gulation. La fr\u00e9quence est li\u00e9e \u00e0 l\u2019horloge \u00e9lectronique et donc totalement ind\u00e9pendante du r\u00e9gime moteur. Elle assure \u00e9galement une parfaite stabilit\u00e9 du signal en cas de variations de la charge<\/p><\/div> <\/div><\/div> <\/div><\/div>","protected":false},"excerpt":{"rendered":"<p>La r\u00e9gulation de fr\u00e9quence peut \u00eatre m\u00e9canique sur les groupes \u00e9lectrog\u00e8nes d\u2019entr\u00e9e de gamme ou \u00e9lectronique (Inverter ou AVR &#8211; Automatic Voltage Regulator en Anglais) sur les produits plus \u00e9labor\u00e9s Les groupes \u00e9lectrog\u00e8nes de forte puissance b\u00e9n\u00e9ficient d\u2019une r\u00e9gulation \u00e9lectronique La r\u00e9gulation par AVR stabilise le r\u00e9gime moteur afin de garantir une fr\u00e9quence et une&hellip; <br \/> <a class=\"read-more\" href=\"https:\/\/www.regul-elec.fr\/index.php\/regulation\/\">Lire la suite<\/a><\/p>\n","protected":false},"author":1,"featured_media":0,"parent":0,"menu_order":0,"comment_status":"closed","ping_status":"closed","template":"pro\/page-templates\/full-width-page.php","meta":{"om_disable_all_campaigns":false,"_monsterinsights_skip_tracking":false,"_monsterinsights_sitenote_active":false,"_monsterinsights_sitenote_note":"","_monsterinsights_sitenote_category":0,"footnotes":""},"class_list":["post-348","page","type-page","status-publish","hentry"],"aioseo_notices":[],"_links":{"self":[{"href":"https:\/\/www.regul-elec.fr\/index.php\/wp-json\/wp\/v2\/pages\/348","targetHints":{"allow":["GET"]}}],"collection":[{"href":"https:\/\/www.regul-elec.fr\/index.php\/wp-json\/wp\/v2\/pages"}],"about":[{"href":"https:\/\/www.regul-elec.fr\/index.php\/wp-json\/wp\/v2\/types\/page"}],"author":[{"embeddable":true,"href":"https:\/\/www.regul-elec.fr\/index.php\/wp-json\/wp\/v2\/users\/1"}],"replies":[{"embeddable":true,"href":"https:\/\/www.regul-elec.fr\/index.php\/wp-json\/wp\/v2\/comments?post=348"}],"version-history":[{"count":2,"href":"https:\/\/www.regul-elec.fr\/index.php\/wp-json\/wp\/v2\/pages\/348\/revisions"}],"predecessor-version":[{"id":366,"href":"https:\/\/www.regul-elec.fr\/index.php\/wp-json\/wp\/v2\/pages\/348\/revisions\/366"}],"wp:attachment":[{"href":"https:\/\/www.regul-elec.fr\/index.php\/wp-json\/wp\/v2\/media?parent=348"}],"curies":[{"name":"wp","href":"https:\/\/api.w.org\/{rel}","templated":true}]}}