{"id":347,"date":"2018-12-05T11:55:52","date_gmt":"2018-12-05T10:55:52","guid":{"rendered":"http:\/\/www.regul-elec.fr\/?page_id=347"},"modified":"2018-12-05T13:48:08","modified_gmt":"2018-12-05T12:48:08","slug":"demarrage","status":"publish","type":"page","link":"https:\/\/www.regul-elec.fr\/index.php\/demarrage\/","title":{"rendered":"D\u00e9marrage"},"content":{"rendered":"<div data-label=\"Overlappable\" data-id=\"overlappable--1\" data-export-id=\"overlappable-4\" data-category=\"overlappable\" class=\"overlappable-4 content-section content-section-spacing\" data-overlap=\"true\" id=\"overlappable-1\"  style=\"background-color: rgb(255, 255, 255);\"><div class=\"gridContainer\" > <div data-type=\"row\" class=\"row spaced-cols text-center\" ><div class=\"col-xs-12 col-sm-4 col-padding\" > <i class=\"fa icon shadow-large-black aligncenter fa-battery-half reverse round large color1\" ><\/i> <div data-type=\"column\" class=\"\" >  <p class=\"\" >Pour les petites et moyennes puissances il pourra \u00eatre effectu\u00e9 par lanceur, ou par assistance \u00e9lectrique (g\u00e9n\u00e9ralement manuelle, cette derni\u00e8re \u00e9tant souvent en option)<\/p><\/div> <\/div> <div class=\"col-xs-12 col-sm-4 col-padding\" > <i class=\"fa icon shadow-large-black aligncenter fa-battery-full reverse round large color1\" ><\/i> <div data-type=\"column\" class=\"\" > <p class=\"\" >Pour les fortes puissances le d\u00e9marrage \u00e9lectrique automatique ou manuel est indispensable<\/p><\/div> <\/div> <div class=\"col-xs-12 col-sm-4 col-padding\" > <i class=\"fa icon shadow-large-black aligncenter fa-ambulance reverse round large color1\" ><\/i> <div data-type=\"column\" class=\"\" > <p class=\"\" >&nbsp;Le d\u00e9marrage automatique peut \u00eatre obligatoire sur les groupes \u00e9lectrog\u00e8nes destin\u00e9s \u00e0 \u00eatre utilis\u00e9s en alimentation de secours<\/p><\/div> <\/div><\/div> <\/div><\/div>","protected":false},"excerpt":{"rendered":"<p>Pour les petites et moyennes puissances il pourra \u00eatre effectu\u00e9 par lanceur, ou par assistance \u00e9lectrique (g\u00e9n\u00e9ralement manuelle, cette derni\u00e8re \u00e9tant souvent en option) Pour les fortes puissances le d\u00e9marrage \u00e9lectrique automatique ou manuel est indispensable &nbsp;Le d\u00e9marrage automatique peut \u00eatre obligatoire sur les groupes \u00e9lectrog\u00e8nes destin\u00e9s \u00e0 \u00eatre utilis\u00e9s en alimentation de secours<\/p>\n","protected":false},"author":1,"featured_media":0,"parent":0,"menu_order":0,"comment_status":"closed","ping_status":"closed","template":"pro\/page-templates\/full-width-page.php","meta":{"om_disable_all_campaigns":false,"_monsterinsights_skip_tracking":false,"_monsterinsights_sitenote_active":false,"_monsterinsights_sitenote_note":"","_monsterinsights_sitenote_category":0,"footnotes":""},"class_list":["post-347","page","type-page","status-publish","hentry"],"aioseo_notices":[],"_links":{"self":[{"href":"https:\/\/www.regul-elec.fr\/index.php\/wp-json\/wp\/v2\/pages\/347","targetHints":{"allow":["GET"]}}],"collection":[{"href":"https:\/\/www.regul-elec.fr\/index.php\/wp-json\/wp\/v2\/pages"}],"about":[{"href":"https:\/\/www.regul-elec.fr\/index.php\/wp-json\/wp\/v2\/types\/page"}],"author":[{"embeddable":true,"href":"https:\/\/www.regul-elec.fr\/index.php\/wp-json\/wp\/v2\/users\/1"}],"replies":[{"embeddable":true,"href":"https:\/\/www.regul-elec.fr\/index.php\/wp-json\/wp\/v2\/comments?post=347"}],"version-history":[{"count":2,"href":"https:\/\/www.regul-elec.fr\/index.php\/wp-json\/wp\/v2\/pages\/347\/revisions"}],"predecessor-version":[{"id":364,"href":"https:\/\/www.regul-elec.fr\/index.php\/wp-json\/wp\/v2\/pages\/347\/revisions\/364"}],"wp:attachment":[{"href":"https:\/\/www.regul-elec.fr\/index.php\/wp-json\/wp\/v2\/media?parent=347"}],"curies":[{"name":"wp","href":"https:\/\/api.w.org\/{rel}","templated":true}]}}