{"id":346,"date":"2018-12-05T11:55:52","date_gmt":"2018-12-05T10:55:52","guid":{"rendered":"http:\/\/www.regul-elec.fr\/?page_id=346"},"modified":"2018-12-05T12:06:54","modified_gmt":"2018-12-05T11:06:54","slug":"alternateur","status":"publish","type":"page","link":"https:\/\/www.regul-elec.fr\/index.php\/alternateur\/","title":{"rendered":"Alternateur"},"content":{"rendered":"<div data-label=\"Overlappable\" data-id=\"overlappable--1\" data-export-id=\"overlappable-4\" data-category=\"overlappable\" class=\"overlappable-4 content-section content-section-spacing\" data-overlap=\"true\" id=\"overlappable-1\"  style=\"background-color: rgb(255, 255, 255);\"><div class=\"gridContainer\" > <div data-type=\"row\" class=\"row spaced-cols text-center\" ><div class=\"col-xs-12 col-sm-4 col-padding\" > <i class=\"fa icon shadow-large-black aligncenter fa-hand-rock-o reverse round large color1\" ><\/i> <div data-type=\"column\" class=\"\" >  <p class=\"\" >La puissance de l&rsquo;alternateur d\u00e9finit la puissance du groupe \u00e9lectrog\u00e8ne. (La puissance du moteur \u00e9tant toujours calcul\u00e9e proportionnellement \u00e0 celle de l&rsquo;alternateur)<\/p><\/div> <\/div> <div class=\"col-xs-12 col-sm-4 col-padding\" > <i class=\"fa icon shadow-large-black aligncenter fa-bolt reverse round large color1\" ><\/i> <div data-type=\"column\" class=\"\" > <p class=\"\" >L\u2019alternateur d\u00e9finit si le groupe \u00e9lectrog\u00e8ne est monophas\u00e9 (230 V) ou triphas\u00e9 (400 V).<\/p><\/div> <\/div> <div class=\"col-xs-12 col-sm-4 col-padding\" > <i class=\"fa icon shadow-large-black aligncenter fa-cog reverse round large color1\" ><\/i> <div data-type=\"column\" class=\"\" > <p class=\"\" >La vitesse de rotation des groupes d\u00e9pend du nombre de p\u00f4les de l&rsquo;inducteur. G\u00e9n\u00e9ralement les groupes de petite puissance sont des alternateurs 3 000 Tr\/mn bipolaires, tandis que les plus gros sont plut\u00f4t des 1 500 Tr\/mn t\u00e9trapolaires.<\/p><\/div> <\/div><\/div> <\/div><\/div>","protected":false},"excerpt":{"rendered":"<p>La puissance de l&rsquo;alternateur d\u00e9finit la puissance du groupe \u00e9lectrog\u00e8ne. (La puissance du moteur \u00e9tant toujours calcul\u00e9e proportionnellement \u00e0 celle de l&rsquo;alternateur) L\u2019alternateur d\u00e9finit si le groupe \u00e9lectrog\u00e8ne est monophas\u00e9 (230 V) ou triphas\u00e9 (400 V). La vitesse de rotation des groupes d\u00e9pend du nombre de p\u00f4les de l&rsquo;inducteur. G\u00e9n\u00e9ralement les groupes de petite puissance&hellip; <br \/> <a class=\"read-more\" href=\"https:\/\/www.regul-elec.fr\/index.php\/alternateur\/\">Lire la suite<\/a><\/p>\n","protected":false},"author":1,"featured_media":0,"parent":0,"menu_order":0,"comment_status":"closed","ping_status":"closed","template":"pro\/page-templates\/full-width-page.php","meta":{"om_disable_all_campaigns":false,"_monsterinsights_skip_tracking":false,"_monsterinsights_sitenote_active":false,"_monsterinsights_sitenote_note":"","_monsterinsights_sitenote_category":0,"footnotes":""},"class_list":["post-346","page","type-page","status-publish","hentry"],"aioseo_notices":[],"_links":{"self":[{"href":"https:\/\/www.regul-elec.fr\/index.php\/wp-json\/wp\/v2\/pages\/346","targetHints":{"allow":["GET"]}}],"collection":[{"href":"https:\/\/www.regul-elec.fr\/index.php\/wp-json\/wp\/v2\/pages"}],"about":[{"href":"https:\/\/www.regul-elec.fr\/index.php\/wp-json\/wp\/v2\/types\/page"}],"author":[{"embeddable":true,"href":"https:\/\/www.regul-elec.fr\/index.php\/wp-json\/wp\/v2\/users\/1"}],"replies":[{"embeddable":true,"href":"https:\/\/www.regul-elec.fr\/index.php\/wp-json\/wp\/v2\/comments?post=346"}],"version-history":[{"count":2,"href":"https:\/\/www.regul-elec.fr\/index.php\/wp-json\/wp\/v2\/pages\/346\/revisions"}],"predecessor-version":[{"id":362,"href":"https:\/\/www.regul-elec.fr\/index.php\/wp-json\/wp\/v2\/pages\/346\/revisions\/362"}],"wp:attachment":[{"href":"https:\/\/www.regul-elec.fr\/index.php\/wp-json\/wp\/v2\/media?parent=346"}],"curies":[{"name":"wp","href":"https:\/\/api.w.org\/{rel}","templated":true}]}}