{"id":345,"date":"2018-12-05T11:55:52","date_gmt":"2018-12-05T10:55:52","guid":{"rendered":"http:\/\/www.regul-elec.fr\/?page_id=345"},"modified":"2018-12-05T12:01:30","modified_gmt":"2018-12-05T11:01:30","slug":"autonomie","status":"publish","type":"page","link":"https:\/\/www.regul-elec.fr\/index.php\/autonomie\/","title":{"rendered":"Autonomie"},"content":{"rendered":"<div data-label=\"Overlappable\" data-id=\"overlappable--1\" data-export-id=\"overlappable-4\" data-category=\"overlappable\" class=\"overlappable-4 content-section content-section-spacing\" data-overlap=\"true\" id=\"overlappable-1\"  style=\"background-color: rgb(255, 255, 255);\"><div class=\"gridContainer\" > <div data-type=\"row\" class=\"row spaced-cols text-center center-sm\" ><div class=\"col-xs-12 col-sm-4 col-padding\" > <i class=\"fa icon shadow-large-black aligncenter fa-cubes reverse round large color1\" ><\/i> <div data-type=\"column\" class=\"\" >  <p class=\"\" >L\u2019autonomie d\u00e9pend de la capacit\u00e9 du r\u00e9servoir et de la consommation du moteur.<\/p><\/div> <\/div> <div class=\"col-xs-12 col-sm-4 col-padding\" > <i class=\"fa icon shadow-large-black aligncenter fa-columns reverse round large color1\" ><\/i> <div data-type=\"column\" class=\"\" > <p class=\"\" >Selon le type de groupe, sa vitesse de rotation et le type de carburant, l\u2019autonomie diff\u00e8re pour une m\u00eame contenance.<\/p><\/div> <\/div> <\/div> <\/div><\/div>","protected":false},"excerpt":{"rendered":"<p>L\u2019autonomie d\u00e9pend de la capacit\u00e9 du r\u00e9servoir et de la consommation du moteur. Selon le type de groupe, sa vitesse de rotation et le type de carburant, l\u2019autonomie diff\u00e8re pour une m\u00eame contenance.<\/p>\n","protected":false},"author":1,"featured_media":0,"parent":0,"menu_order":0,"comment_status":"closed","ping_status":"closed","template":"pro\/page-templates\/full-width-page.php","meta":{"om_disable_all_campaigns":false,"_monsterinsights_skip_tracking":false,"_monsterinsights_sitenote_active":false,"_monsterinsights_sitenote_note":"","_monsterinsights_sitenote_category":0,"footnotes":""},"class_list":["post-345","page","type-page","status-publish","hentry"],"aioseo_notices":[],"_links":{"self":[{"href":"https:\/\/www.regul-elec.fr\/index.php\/wp-json\/wp\/v2\/pages\/345","targetHints":{"allow":["GET"]}}],"collection":[{"href":"https:\/\/www.regul-elec.fr\/index.php\/wp-json\/wp\/v2\/pages"}],"about":[{"href":"https:\/\/www.regul-elec.fr\/index.php\/wp-json\/wp\/v2\/types\/page"}],"author":[{"embeddable":true,"href":"https:\/\/www.regul-elec.fr\/index.php\/wp-json\/wp\/v2\/users\/1"}],"replies":[{"embeddable":true,"href":"https:\/\/www.regul-elec.fr\/index.php\/wp-json\/wp\/v2\/comments?post=345"}],"version-history":[{"count":2,"href":"https:\/\/www.regul-elec.fr\/index.php\/wp-json\/wp\/v2\/pages\/345\/revisions"}],"predecessor-version":[{"id":360,"href":"https:\/\/www.regul-elec.fr\/index.php\/wp-json\/wp\/v2\/pages\/345\/revisions\/360"}],"wp:attachment":[{"href":"https:\/\/www.regul-elec.fr\/index.php\/wp-json\/wp\/v2\/media?parent=345"}],"curies":[{"name":"wp","href":"https:\/\/api.w.org\/{rel}","templated":true}]}}