{"id":278,"date":"2018-11-28T11:03:54","date_gmt":"2018-11-28T10:03:54","guid":{"rendered":"http:\/\/www.regul-elec.fr\/?page_id=278"},"modified":"2024-10-23T17:03:59","modified_gmt":"2024-10-23T15:03:59","slug":"groupe-electrogene-definition-et-constituants","status":"publish","type":"page","link":"https:\/\/www.regul-elec.fr\/index.php\/groupe-electrogene-definition-et-constituants\/","title":{"rendered":"Groupe \u00e9lectrog\u00e8ne (d\u00e9finition et constituants)"},"content":{"rendered":"<div id=\"about-1\" class=\"about-10 content-section content-section-spacing\" style=\"background-color: #ffffff;\" data-label=\"About\" data-id=\"about--1\" data-export-id=\"about-10\" data-category=\"about\">\n<div class=\"gridContainer\">\n<div class=\"row middle-sm text-center\">\n<div class=\"col-sm-5 space-bottom-xs content-column\" data-type=\"column\">\n<h3 class=\"\">\u00a0D\u00e9finition d\u2019un groupe \u00e9lectrog\u00e8ne :<\/h3>\n<p class=\"\" style=\"text-align: center;\">\u00a0 \u00a0 \u2022 Le groupe \u00e9lectrog\u00e8ne est une source d\u2019alimentation \u00e9lectrique autonome qui n\u00e9cessite uniquement un apport en carburant.\n\u2022 Selon sa technologie il offre une alimentation de qualit\u00e9 plus ou moins bonne.<\/p>\n\n\u2022 Capot\u00e9, insonoris\u00e9, ch\u00e2ssis fixe ou sur remorque, selon le mod\u00e8le\n\n\u2022 3 types existent et sont essentiels pour choisir.\n<h3 class=\"\">\u00a0Un groupe \u00e9lectrog\u00e8ne comprend 3 sous-ensembles :<\/h3>\n<p class=\"\">\u2022 Le moteur qui entraine un arbre.\n\n\u2022 L\u2019alternateur qui transforme la rotation de l\u2019arbre en un courant \u00e9lectrique.\n\n\u2022 La r\u00e9gulation.<\/p>\n\n<\/div>\n<div class=\"col-sm-7 flexbox middle-xs center-xs space-bottom-xs\">\n<div class=\"overlay-box middle-xs center-xs flexbox\">\n<div class=\"overlay-box-offset offset-border shadow-medium border-color1 hide-xs\"><\/div>\n<img loading=\"lazy\" decoding=\"async\" class=\"alignnone  wp-image-706\" src=\"http:\/\/www.regul-elec.fr\/wp-content\/uploads\/2024\/10\/Photo_groupe_Himoinsa_HFW-160-T5-300x176.jpg\" alt=\"\" width=\"538\" height=\"316\" srcset=\"https:\/\/www.regul-elec.fr\/wp-content\/uploads\/2024\/10\/Photo_groupe_Himoinsa_HFW-160-T5-300x176.jpg 300w, https:\/\/www.regul-elec.fr\/wp-content\/uploads\/2024\/10\/Photo_groupe_Himoinsa_HFW-160-T5-768x449.jpg 768w, https:\/\/www.regul-elec.fr\/wp-content\/uploads\/2024\/10\/Photo_groupe_Himoinsa_HFW-160-T5-1024x599.jpg 1024w, https:\/\/www.regul-elec.fr\/wp-content\/uploads\/2024\/10\/Photo_groupe_Himoinsa_HFW-160-T5.jpg 1600w\" sizes=\"auto, (max-width: 538px) 100vw, 538px\" \/>\n\n<\/div>\n<\/div>\n<\/div>\n<\/div>\n<\/div>","protected":false},"excerpt":{"rendered":"<p>\u00a0D\u00e9finition d\u2019un groupe \u00e9lectrog\u00e8ne : \u00a0 \u00a0 \u2022 Le groupe \u00e9lectrog\u00e8ne est une source d\u2019alimentation \u00e9lectrique autonome qui n\u00e9cessite uniquement un apport en carburant. \u2022 Selon sa technologie il offre une alimentation de qualit\u00e9 plus ou moins bonne. \u2022 Capot\u00e9, insonoris\u00e9, ch\u00e2ssis fixe ou sur remorque, selon le mod\u00e8le \u2022 3 types existent et sont&hellip; <br \/> <a class=\"read-more\" href=\"https:\/\/www.regul-elec.fr\/index.php\/groupe-electrogene-definition-et-constituants\/\">Lire la suite<\/a><\/p>\n","protected":false},"author":1,"featured_media":0,"parent":0,"menu_order":0,"comment_status":"closed","ping_status":"closed","template":"pro\/page-templates\/full-width-page.php","meta":{"om_disable_all_campaigns":false,"_monsterinsights_skip_tracking":false,"_monsterinsights_sitenote_active":false,"_monsterinsights_sitenote_note":"","_monsterinsights_sitenote_category":0,"footnotes":""},"class_list":["post-278","page","type-page","status-publish","hentry"],"aioseo_notices":[],"_links":{"self":[{"href":"https:\/\/www.regul-elec.fr\/index.php\/wp-json\/wp\/v2\/pages\/278","targetHints":{"allow":["GET"]}}],"collection":[{"href":"https:\/\/www.regul-elec.fr\/index.php\/wp-json\/wp\/v2\/pages"}],"about":[{"href":"https:\/\/www.regul-elec.fr\/index.php\/wp-json\/wp\/v2\/types\/page"}],"author":[{"embeddable":true,"href":"https:\/\/www.regul-elec.fr\/index.php\/wp-json\/wp\/v2\/users\/1"}],"replies":[{"embeddable":true,"href":"https:\/\/www.regul-elec.fr\/index.php\/wp-json\/wp\/v2\/comments?post=278"}],"version-history":[{"count":8,"href":"https:\/\/www.regul-elec.fr\/index.php\/wp-json\/wp\/v2\/pages\/278\/revisions"}],"predecessor-version":[{"id":762,"href":"https:\/\/www.regul-elec.fr\/index.php\/wp-json\/wp\/v2\/pages\/278\/revisions\/762"}],"wp:attachment":[{"href":"https:\/\/www.regul-elec.fr\/index.php\/wp-json\/wp\/v2\/media?parent=278"}],"curies":[{"name":"wp","href":"https:\/\/api.w.org\/{rel}","templated":true}]}}